{"id":1371,"date":"2021-12-09T18:53:55","date_gmt":"2021-12-09T18:53:55","guid":{"rendered":"https:\/\/americaoff.com\/?post_type=product&#038;p=1371"},"modified":"2024-11-19T20:32:05","modified_gmt":"2024-11-19T20:32:05","slug":"disco-de-vinil-elvis-presley-classico-natal","status":"publish","type":"product","link":"https:\/\/americaoff.com\/index.php\/product\/disco-de-vinil-elvis-presley-classico-natal\/","title":{"rendered":"Disco de Vinil Elvis Presley &#8211; Um cl\u00e1ssico de Natal &#8211; Christmans 2021"},"content":{"rendered":"<h2>Disco de Vinil Elvis Presley &#8211; Um cl\u00e1ssico de Natal &#8211; Christmans 2021<\/h2>\n<h3>-Disco de vinil, Elvis Presley com suas cl\u00e1ssicas can\u00e7\u00f5es de Natal.<\/h3>\n<h3>-Nos EUA o Vinil voltou a muitos anos atr\u00e1s e a cada dia toma mais for\u00e7a.<\/h3>\n<h3>-Produto feito pela Sony Musica, origem Estados Unidos da Am\u00e9rica.<\/h3>\n<h3><strong>Especifica\u00e7\u00f5es:<\/strong><\/h3>\n<ul>\n<li>\n<h3>Music Genre &#8211; Christmas Music<\/h3>\n<\/li>\n<li>\n<h3>Performer Elvis Presley<\/h3>\n<\/li>\n<li>\n<h3>Record Label &#8211; Sony Legacy<\/h3>\n<\/li>\n<li>\n<h3>(disco f\u00edsico) &#8211; Physical Media Format LP<\/h3>\n<\/li>\n<\/ul>\n<p><img fetchpriority=\"high\" decoding=\"async\" class=\"alignnone size-full wp-image-2670\" src=\"https:\/\/americaeaqui.mbr3.wpdash.com.br\/wp-content\/uploads\/2022\/01\/elvis-presley-the-classic-christmas-collection-vinyl-disco-de-vinil.jpg\" alt=\"\" width=\"312\" height=\"312\"><\/p>\n","protected":false},"excerpt":{"rendered":"<p>Disco de vinil, Elvis Presley com suas cl\u00e1ssicas can\u00e7\u00f5es de Natal.<\/p>\n","protected":false},"featured_media":7669,"comment_status":"open","ping_status":"closed","template":"","meta":[],"product_cat":[88,89],"product_tag":[62,63,64,65],"class_list":{"0":"post-1371","1":"product","2":"type-product","3":"status-publish","4":"has-post-thumbnail","6":"product_cat-disco-vinil","7":"product_cat-lazer-e-diversao","8":"product_tag-cancoes-natalina","9":"product_tag-disco-de-vinil","10":"product_tag-elvis-presley","11":"product_tag-musicas-de-natal","13":"first","14":"instock","15":"sale","16":"shipping-taxable","17":"purchasable","18":"product-type-simple"},"_links":{"self":[{"href":"https:\/\/americaoff.com\/index.php\/wp-json\/wp\/v2\/product\/1371","targetHints":{"allow":["GET"]}}],"collection":[{"href":"https:\/\/americaoff.com\/index.php\/wp-json\/wp\/v2\/product"}],"about":[{"href":"https:\/\/americaoff.com\/index.php\/wp-json\/wp\/v2\/types\/product"}],"replies":[{"embeddable":true,"href":"https:\/\/americaoff.com\/index.php\/wp-json\/wp\/v2\/comments?post=1371"}],"wp:featuredmedia":[{"embeddable":true,"href":"https:\/\/americaoff.com\/index.php\/wp-json\/wp\/v2\/media\/7669"}],"wp:attachment":[{"href":"https:\/\/americaoff.com\/index.php\/wp-json\/wp\/v2\/media?parent=1371"}],"wp:term":[{"taxonomy":"product_cat","embeddable":true,"href":"https:\/\/americaoff.com\/index.php\/wp-json\/wp\/v2\/product_cat?post=1371"},{"taxonomy":"product_tag","embeddable":true,"href":"https:\/\/americaoff.com\/index.php\/wp-json\/wp\/v2\/product_tag?post=1371"}],"curies":[{"name":"wp","href":"https:\/\/api.w.org\/{rel}","templated":true}]}}