{"id":254,"date":"2020-11-12T19:40:43","date_gmt":"2020-11-12T19:40:43","guid":{"rendered":"https:\/\/americaoff.com\/?post_type=product&#038;p=254"},"modified":"2024-11-19T20:31:57","modified_gmt":"2024-11-19T20:31:57","slug":"bone-new-era-charlotte-hornets-abelha-grande-nba-aba-reta-fechado","status":"publish","type":"product","link":"https:\/\/americaoff.com\/index.php\/product\/bone-new-era-charlotte-hornets-abelha-grande-nba-aba-reta-fechado\/","title":{"rendered":"Bon\u00e9 New Era Charlotte Hornets NBA Aba Reta Fechado"},"content":{"rendered":"<h2>Bon\u00e9 New Era Charlotte Hornets NBA Aba Reta Fechado<\/h2>\n<h3>Bon\u00e9 New Era Charlotte Hornets, time da liga Americana de Basquete NBA, para pessoas que ama esporte e e apaixonada por basquete, tamanho unico, aba reta, cor classica verde quase azul e estilo inconfundivel<\/h3>\n<h3>O BON\u00c9 CHARLOTE HORNETS, NEW ERA\u00ae 59FIFTY\u00ae \u00c9 CONFECCIONADO EM TECIDO LEVE E RECEBE A BANDEIRA NEW ERA\u00ae NA LATERAL ESQUERDA.<\/h3>\n<h3>MODERNA, A ABA RETA \u00c9 ESTILOSA E PROTEJE O ROSTO DOS RAIOS SOLARES.<\/h3>\n<h3>AS VIAS RESPIR\u00c1VEIS NA PARTE SUPERIOR FICAM RESPONS\u00c1VEIS POR DISSIPAR A UMIDADE E GARANTEM AQUELA SENSA\u00c7\u00c3O AGRAD\u00c1VEL DE BEM-ESTAR.<\/h3>\n<h3>MUITO RESISTENTE, CONTA COM COSTURAS REFOR\u00c7ADAS, O QUE CONTRIBUI NO AUMENTO DA DURABILIDADE.<\/h3>\n<h3>OS FITTEDS DA NEW ERA\u00ae S\u00c3O COMO T\u00caNIS, TEM UM N\u00daMERO ESPEC\u00cdFICO PARA CADA TAMANHO.<\/h3>\n<h3>PARA MEDIR A SUA CABE\u00c7A, USE UMA FITA M\u00c9TRICA EXATAMENTE ONDE A SWEATBAND (A FAIXA DE TECIDO NA PARTE INTERNA DO CAP, AONDE V\u00c3O AS ETIQUETAS DE TAMANHO) VAI FICAR QUANDO O BON\u00c9 ESTIVER EM SUA CABE\u00c7A.<\/h3>\n<h3>NE Honerts Abelha<br \/>\nCaracter\u00edsticas: Tamanho: 7 3\/8 &#8211; 58,7cm,<br \/>\nDisponibilidade: Imediata<br \/>\nGarantia: 7 dias apos o recebimento do produto<\/h3>\n","protected":false},"excerpt":{"rendered":"<h3>Bon\u00e9 New Era Charlotte Hornets, time da liga Americana de Basquete NBA, para pessoas que ama esporte e e apaixonada por basquete, tamanho \u00fanico, aba reta, cor cl\u00e1ssica verde quase azul e estilo inconfund\u00edvel<\/h3>\n","protected":false},"featured_media":7582,"comment_status":"closed","ping_status":"closed","template":"","meta":[],"product_cat":[70,73],"product_tag":[],"class_list":{"0":"post-254","1":"product","2":"type-product","3":"status-publish","4":"has-post-thumbnail","6":"product_cat-aba-reta","7":"product_cat-bones","9":"first","10":"instock","11":"sale","12":"purchasable","13":"product-type-simple"},"_links":{"self":[{"href":"https:\/\/americaoff.com\/index.php\/wp-json\/wp\/v2\/product\/254","targetHints":{"allow":["GET"]}}],"collection":[{"href":"https:\/\/americaoff.com\/index.php\/wp-json\/wp\/v2\/product"}],"about":[{"href":"https:\/\/americaoff.com\/index.php\/wp-json\/wp\/v2\/types\/product"}],"replies":[{"embeddable":true,"href":"https:\/\/americaoff.com\/index.php\/wp-json\/wp\/v2\/comments?post=254"}],"wp:featuredmedia":[{"embeddable":true,"href":"https:\/\/americaoff.com\/index.php\/wp-json\/wp\/v2\/media\/7582"}],"wp:attachment":[{"href":"https:\/\/americaoff.com\/index.php\/wp-json\/wp\/v2\/media?parent=254"}],"wp:term":[{"taxonomy":"product_cat","embeddable":true,"href":"https:\/\/americaoff.com\/index.php\/wp-json\/wp\/v2\/product_cat?post=254"},{"taxonomy":"product_tag","embeddable":true,"href":"https:\/\/americaoff.com\/index.php\/wp-json\/wp\/v2\/product_tag?post=254"}],"curies":[{"name":"wp","href":"https:\/\/api.w.org\/{rel}","templated":true}]}}