{"id":2846,"date":"2022-06-02T16:27:38","date_gmt":"2022-06-02T16:27:38","guid":{"rendered":"https:\/\/americaoff.com\/?post_type=product&#038;p=2846"},"modified":"2024-11-19T20:32:06","modified_gmt":"2024-11-19T20:32:06","slug":"mouse-razer-victory-bundle-viper-ambidextrous-com-mouse-pad","status":"publish","type":"product","link":"https:\/\/americaoff.com\/index.php\/product\/mouse-razer-victory-bundle-viper-ambidextrous-com-mouse-pad\/","title":{"rendered":"Mouse Gamer Razer Victory Bundle Viper Ambidextrous com mouse pad"},"content":{"rendered":"<h2 class=\"thin-font\" data-padding=\"5px\">Mouse Gamer Razer Victory Bundle Viper Ambidextrous com mouse pad<\/h2>\n<h3 class=\"thin-font\" data-padding=\"5px\">Como uma celebra\u00e7\u00e3o do relacionamento da Razer com o Walmart e a Esports Arena, o Razer Victory Bundle \u00e9 um exclusivo do Walmart. O pacote inclui um Viper Gaming Mouse, um Gigantus V2 Gaming Mat e um jogo online gr\u00e1tis com o Esports Tournament. O Razer Viper foi projetado e testado por atletas da Equipe Razer para controle absoluto e execu\u00e7\u00e3o r\u00e1pida como um raio. Emparelhado com o mouse pad macio para jogos Razer Gigantus V2, o Razer Victory Bundle foi concebido para proporcionar velocidade e controlo.<\/h3>\n<ul>\n<li>\n<h3>Includes Viper Ambidextrous Wired Gaming Mouse, medium Gigantus V2 Medium Soft Gaming Mouse Mat, and Esports Arena Gift Card<\/h3>\n<\/li>\n<li>\n<h3>Razer Gigantus V2 Soft Gaming Mouse Mat&#8217;s textured micro-weave cloth surface for speed and control<\/h3>\n<\/li>\n<li>\n<h3>Thick, high-density rubber foam for greater consistency and durability<\/h3>\n<\/li>\n<li>\n<h3>Anti-slip base to keep the mat in place<\/h3>\n<\/li>\n<li>\n<h3>The Razer Viper Ambidextrous Wired Gaming Mouse<strong>\u00a0<\/strong>weighs in at just 69 grams without any compromise on its build strength<\/h3>\n<\/li>\n<li>\n<h3>The lighter mouse allows swifter, more controlled swipes, augmenting the speed of your reaction in battle<\/h3>\n<\/li>\n<li>\n<h3>Razer Optical Mouse Switches for ultra-fast response<\/h3>\n<\/li>\n<li>\n<h3>Razer 5G Optical Sensor for precise tracking accuracy<\/h3>\n<\/li>\n<li>\n<h3>8 programmable buttons for extended controls<\/h3>\n<\/li>\n<\/ul>\n<h3 class=\"thin-font\" data-padding=\"5px\"><\/h3>\n<h3 class=\"thin-font\" data-padding=\"5px\">Como uma celebra\u00e7\u00e3o do relacionamento da Razer com o Walmart e a Esports Arena, o Razer Victory Bundle \u00e9 um exclusivo do Walmart. O pacote inclui um Viper Gaming Mouse, um Gigantus V2 Gaming Mat e um jogo online gr\u00e1tis com o Esports Tournament. O Razer Viper foi projetado e testado por atletas da Equipe Razer para controle absoluto e execu\u00e7\u00e3o r\u00e1pida como um raio. Emparelhado com o tapete de rato macio para jogos Razer Gigantus V2, o Razer Victory Bundle foi concebido para proporcionar velocidade e controlo.<\/h3>\n<ul>\n<li>\n<h3>Includes Viper Ambidextrous Wired Gaming Mouse, medium Gigantus V2 Medium Soft Gaming Mouse Mat, and Esports Arena Gift Card<\/h3>\n<\/li>\n<li>\n<h3>Razer Gigantus V2 Soft Gaming Mouse Mat&#8217;s textured micro-weave cloth surface for speed and control<\/h3>\n<\/li>\n<li>\n<h3>Thick, high-density rubber foam for greater consistency and durability<\/h3>\n<\/li>\n<li>\n<h3>Anti-slip base to keep the mat in place<\/h3>\n<\/li>\n<li>\n<h3>The Razer Viper Ambidextrous Wired Gaming Mouse<strong>\u00a0<\/strong>weighs in at just 69 grams without any compromise on its build strength<\/h3>\n<\/li>\n<li>\n<h3>The lighter mouse allows swifter, more controlled swipes, augmenting the speed of your reaction in battle<\/h3>\n<\/li>\n<li>\n<h3>Razer Optical Mouse Switches for ultra-fast response<\/h3>\n<\/li>\n<li>\n<h3>Razer 5G Optical Sensor for precise tracking accuracy<\/h3>\n<\/li>\n<li>\n<h3>8 programmable buttons for extended controls<\/h3>\n<\/li>\n<\/ul>\n<h2 class=\"w-100 ma0 pa3 f5 lh-copy normal\">Especifica\u00e7\u00f5es:<\/h2>\n<div class=\"w_Bf expand-collapse-content\">\n<div class=\"ph3 pb4 pt1\">\n<div class=\"nt1\">\n<h3 class=\"flex items-center mv0 lh-copy f5 pb1 dark-gray\">Brand<\/h3>\n<p class=\"mv0 lh-copy f6 mid-gray\">Razer<\/p>\n<h3 class=\"flex items-center mv0 lh-copy f5 pb1 dark-gray\">Manufacturer Part Number<\/h3>\n<p class=\"mv0 lh-copy f6 mid-gray\">RZ83-02550100-B3U1<\/p>\n<h3 class=\"flex items-center mv0 lh-copy f5 pb1 dark-gray\">Color<\/h3>\n<p class=\"mv0 lh-copy f6 mid-gray\">Black<\/p>\n<h3 class=\"flex items-center mv0 lh-copy f5 pb1 dark-gray\">Assembled Product Weight<\/h3>\n<p class=\"mv0 lh-copy f6 mid-gray\">0.22 lb<\/p>\n<h3 class=\"flex items-center mv0 lh-copy f5 pb1 dark-gray\">Manufacturer<\/h3>\n<p class=\"mv0 lh-copy f6 mid-gray\">RAZER<\/p>\n<div class=\"\">\n<h3 class=\"flex items-center mv0 lh-copy f5 pb1 dark-gray thin-font\" data-padding=\"5px\">Assembled Product Dimensions (L x W x H)<\/h3>\n<h3 class=\"mv0 lh-copy f6 mid-gray thin-font\" data-padding=\"5px\">4.99 x 2.61 x 1.49 Inche<\/h3>\n<\/div>\n<\/div>\n<\/div>\n<\/div>\n","protected":false},"excerpt":{"rendered":"<h3 class=\"thin-font\" data-padding=\"5px\">Razer Victory Bundle foi concebido para proporcionar velocidade e controlo<\/h3>\n<p>&nbsp;<\/p>\n","protected":false},"featured_media":7671,"comment_status":"open","ping_status":"closed","template":"","meta":[],"product_cat":[91,92,93,94,95],"product_tag":[],"class_list":{"0":"post-2846","1":"product","2":"type-product","3":"status-publish","4":"has-post-thumbnail","6":"product_cat-eletronicos","7":"product_cat-gamer","8":"product_cat-mouse-gamer","9":"product_cat-mouse-pad-gamer","10":"product_cat-mouses","12":"first","13":"instock","14":"sale","15":"shipping-taxable","16":"purchasable","17":"product-type-simple"},"_links":{"self":[{"href":"https:\/\/americaoff.com\/index.php\/wp-json\/wp\/v2\/product\/2846","targetHints":{"allow":["GET"]}}],"collection":[{"href":"https:\/\/americaoff.com\/index.php\/wp-json\/wp\/v2\/product"}],"about":[{"href":"https:\/\/americaoff.com\/index.php\/wp-json\/wp\/v2\/types\/product"}],"replies":[{"embeddable":true,"href":"https:\/\/americaoff.com\/index.php\/wp-json\/wp\/v2\/comments?post=2846"}],"wp:featuredmedia":[{"embeddable":true,"href":"https:\/\/americaoff.com\/index.php\/wp-json\/wp\/v2\/media\/7671"}],"wp:attachment":[{"href":"https:\/\/americaoff.com\/index.php\/wp-json\/wp\/v2\/media?parent=2846"}],"wp:term":[{"taxonomy":"product_cat","embeddable":true,"href":"https:\/\/americaoff.com\/index.php\/wp-json\/wp\/v2\/product_cat?post=2846"},{"taxonomy":"product_tag","embeddable":true,"href":"https:\/\/americaoff.com\/index.php\/wp-json\/wp\/v2\/product_tag?post=2846"}],"curies":[{"name":"wp","href":"https:\/\/api.w.org\/{rel}","templated":true}]}}