{"id":2863,"date":"2022-10-25T21:07:05","date_gmt":"2022-10-25T21:07:05","guid":{"rendered":"https:\/\/americaoff.com\/?post_type=product&#038;p=2863"},"modified":"2024-11-19T20:32:06","modified_gmt":"2024-11-19T20:32:06","slug":"pneu-aro-29-bell-air-guard-mountain-bike-29-x-2-10","status":"publish","type":"product","link":"https:\/\/americaoff.com\/index.php\/product\/pneu-aro-29-bell-air-guard-mountain-bike-29-x-2-10\/","title":{"rendered":"Pneu Aro 29 Bell Air Guard Mountain Bike 29 x 2.10"},"content":{"rendered":"<h2 class=\"thin-font\" data-padding=\"5px\">Pneu Aro 29 Bell Air Guard Mountain Bike 29 x 2.10<\/h2>\n<h3>A tecnologia Air Guard\u2122 \u00e9 uma camada protetora dentro do pneu que fornece 30% mais for\u00e7a e resist\u00eancia extra a furos* e ajuda a proteger contra furos. *(Em compara\u00e7\u00e3o com um pneu padr\u00e3o sem Air Guard\u2122) Nova banda de rodagem otimizada que permite tra\u00e7\u00e3o superior e controle final Os pneus Bell Mountain apresentam uma banda de rodagem alta e nodosa com tra\u00e7\u00e3o superior para trilhas suaves e trilhas t\u00e9cnicas de pista \u00fanica. O tal\u00e3o de a\u00e7o carbono permite que o pneu seja dobrado sem danos para f\u00e1cil armazenamento Os pneus Bell s\u00e3o ultra dur\u00e1veis \u200b\u200be feitos para aventura. Os pneus resistir\u00e3o ao teste do tempo, passeio ap\u00f3s passeio.<\/h3>\n<h3><strong>Especifica\u00e7\u00f5es t\u00e9cnicas<\/strong><\/h3>\n<h3>&#8211; Medida: 29 x 2.10 &#8211; 2.25<\/h3>\n<h3>&#8211; Press\u00e3o m\u00e1xima: 35-65 PSI<\/h3>\n<h3>&#8211; Peso: 660 gramas aproximado<\/h3>\n<h3>&#8211; Modalidade: Mtb, Cross Country<\/h3>\n<h3>&#8211; Tipo de terreno: Terra batida, cascalho, grama, lama e terra solta<\/h3>\n<h3>&#8211; Estrutura: Bell (marca Norte Americana)<\/h3>\n","protected":false},"excerpt":{"rendered":"<h3 class=\"thin-font\" data-padding=\"5px\">Os pneus Bell s\u00e3o ultradur\u00e1veis \u200b\u200be feitos para a aventura. Os pneus resistir\u00e3o ao teste do tempo, passeio ap\u00f3s passeio.<\/h3>\n<p><a href=\"https:\/\/www.shipibox.com\/produto\/pneu-aro-29-bell-air-guard-mountain-bike-29-x-2-10\/\">Pneus Bell USA \u00e9 no Am\u00e9rica \u00e9 Aqui<\/a><\/p>\n","protected":false},"featured_media":7676,"comment_status":"open","ping_status":"closed","template":"","meta":[],"product_cat":[71,96,97],"product_tag":[],"class_list":{"0":"post-2863","1":"product","2":"type-product","3":"status-publish","4":"has-post-thumbnail","6":"product_cat-bicicleta","7":"product_cat-esporte","8":"product_cat-pecas-e-componentes","10":"first","11":"instock","12":"sale","13":"shipping-taxable","14":"purchasable","15":"product-type-simple"},"_links":{"self":[{"href":"https:\/\/americaoff.com\/index.php\/wp-json\/wp\/v2\/product\/2863","targetHints":{"allow":["GET"]}}],"collection":[{"href":"https:\/\/americaoff.com\/index.php\/wp-json\/wp\/v2\/product"}],"about":[{"href":"https:\/\/americaoff.com\/index.php\/wp-json\/wp\/v2\/types\/product"}],"replies":[{"embeddable":true,"href":"https:\/\/americaoff.com\/index.php\/wp-json\/wp\/v2\/comments?post=2863"}],"wp:featuredmedia":[{"embeddable":true,"href":"https:\/\/americaoff.com\/index.php\/wp-json\/wp\/v2\/media\/7676"}],"wp:attachment":[{"href":"https:\/\/americaoff.com\/index.php\/wp-json\/wp\/v2\/media?parent=2863"}],"wp:term":[{"taxonomy":"product_cat","embeddable":true,"href":"https:\/\/americaoff.com\/index.php\/wp-json\/wp\/v2\/product_cat?post=2863"},{"taxonomy":"product_tag","embeddable":true,"href":"https:\/\/americaoff.com\/index.php\/wp-json\/wp\/v2\/product_tag?post=2863"}],"curies":[{"name":"wp","href":"https:\/\/api.w.org\/{rel}","templated":true}]}}