{"id":2878,"date":"2022-10-27T15:08:51","date_gmt":"2022-10-27T15:08:51","guid":{"rendered":"https:\/\/americaoff.com\/?post_type=product&#038;p=2878"},"modified":"2024-11-19T20:32:06","modified_gmt":"2024-11-19T20:32:06","slug":"skylanders-imaginators-starter-pack-xbox-360","status":"publish","type":"product","link":"https:\/\/americaoff.com\/index.php\/product\/skylanders-imaginators-starter-pack-xbox-360\/","title":{"rendered":"Skylanders Imaginators Starter Pack &#8211; Xbox 360"},"content":{"rendered":"<h2 class=\"thin-font\" data-padding=\"5px\">Skylanders Imaginators Starter Pack Jogo e Figuras &#8211; Xbox 360<\/h2>\n<h3 class=\"thin-font\" data-padding=\"5px\">Kaos descobriu o antigo poder da Magia da Mente e est\u00e1 usando-o para criar um ex\u00e9rcito impar\u00e1vel de Doomlanders! A Eon est\u00e1 convocando todos os Mestres do Portal e os maiores guerreiros m\u00edsticos das Skylands, os Senseis, para deter Kaos e seus lacaios. Agora, voc\u00ea deve usar o poder da sua imagina\u00e7\u00e3o para criar seus pr\u00f3prios Skylanders para lutar na derradeira aventura ao lado dos poderosos Senseis para salvar Skylands.<\/h3>\n<h3 class=\"thin-font\" data-padding=\"5px\">Embarque em uma nova aventura \u00e9pica;<br \/>\nUse os cristais de cria\u00e7\u00e3o Imaginite para criar seus pr\u00f3prios Skylanders;<br \/>\nSensei Skylanders s\u00e3o os Mestres Supremos dos Poderosos Poderes Sky-Chi;<br \/>\nLute para salvar Skylands com o Sensei e o Imaginator Skylanders;<br \/>\nUse 10 tipos diferentes de classe de batalha para derrotar Kaos e seus lacaios;<\/h3>\n<h3 class=\"thin-font\" data-padding=\"5px\">Itens Inclusos:<br \/>\n1 Jogo midia fisica xbox360<br \/>\n1 Collection Poster<br \/>\n1 Sticker Sheet<br \/>\n1 Portal of Power<br \/>\n2 Skylanders Figures (Master King Pen e Golden Queen)<br \/>\n1 Creation Crytal<\/h3>\n","protected":false},"excerpt":{"rendered":"<h3 class=\"thin-font\" data-padding=\"5px\">Embarque agora mesmo em uma nova aventura \u00e9pica com Skylanders Imaginators Starter Pack.<\/h3>\n","protected":false},"featured_media":7679,"comment_status":"open","ping_status":"closed","template":"","meta":[],"product_cat":[98,91,92,99,100,89],"product_tag":[],"class_list":{"0":"post-2878","1":"product","2":"type-product","3":"status-publish","4":"has-post-thumbnail","6":"product_cat-brinquedos","7":"product_cat-eletronicos","8":"product_cat-gamer","9":"product_cat-jogos-do-xbox","10":"product_cat-jogos-xbox","11":"product_cat-lazer-e-diversao","13":"first","14":"instock","15":"sale","16":"shipping-taxable","17":"purchasable","18":"product-type-simple"},"_links":{"self":[{"href":"https:\/\/americaoff.com\/index.php\/wp-json\/wp\/v2\/product\/2878","targetHints":{"allow":["GET"]}}],"collection":[{"href":"https:\/\/americaoff.com\/index.php\/wp-json\/wp\/v2\/product"}],"about":[{"href":"https:\/\/americaoff.com\/index.php\/wp-json\/wp\/v2\/types\/product"}],"replies":[{"embeddable":true,"href":"https:\/\/americaoff.com\/index.php\/wp-json\/wp\/v2\/comments?post=2878"}],"wp:featuredmedia":[{"embeddable":true,"href":"https:\/\/americaoff.com\/index.php\/wp-json\/wp\/v2\/media\/7679"}],"wp:attachment":[{"href":"https:\/\/americaoff.com\/index.php\/wp-json\/wp\/v2\/media?parent=2878"}],"wp:term":[{"taxonomy":"product_cat","embeddable":true,"href":"https:\/\/americaoff.com\/index.php\/wp-json\/wp\/v2\/product_cat?post=2878"},{"taxonomy":"product_tag","embeddable":true,"href":"https:\/\/americaoff.com\/index.php\/wp-json\/wp\/v2\/product_tag?post=2878"}],"curies":[{"name":"wp","href":"https:\/\/api.w.org\/{rel}","templated":true}]}}