{"id":2885,"date":"2022-10-27T16:21:59","date_gmt":"2022-10-27T16:21:59","guid":{"rendered":"https:\/\/americaoff.com\/?post_type=product&#038;p=2885"},"modified":"2024-11-19T20:32:06","modified_gmt":"2024-11-19T20:32:06","slug":"boneco-crash-e-dr-neo-cortex-skylanders","status":"publish","type":"product","link":"https:\/\/americaoff.com\/index.php\/product\/boneco-crash-e-dr-neo-cortex-skylanders\/","title":{"rendered":"Boneco Crash e Dr Neo Cortex Skylanders"},"content":{"rendered":"<h2 class=\"thin-font\" data-padding=\"5px\">Boneco Crash e Dr Neo Cortex Skylanders<\/h2>\n<h3 class=\"thin-font\" data-padding=\"5px\">Skylanders Imaginators Thumpin Whumpa Islands Crash e Neo Cortex Adventure Pack.<\/h3>\n<h3 class=\"thin-font\" data-padding=\"5px\">Kaos descobriu o antigo poder da Magia Mental e est\u00e1 usando-o para criar um ex\u00e9rcito implacavel de Doomlanders!<\/h3>\n<h3 class=\"thin-font\" data-padding=\"5px\">Eon est\u00e1 chamando todos Portal Masters e maiores guerreiros m\u00edsticos da Skylands, os Sensei, para deter Kaos e seus capangas. Agora, voc\u00ea deve usar o poder de sua imagina\u00e7\u00e3o para criar seus pr\u00f3prios Skylanders e lutar na maior das aventuras ao lado dos poderosos Senseis para salvar Skylands.<\/h3>\n<h3 class=\"thin-font\" data-padding=\"5px\"><\/h3>\n<h3 class=\"thin-font\" data-padding=\"5px\">ITENS INCLUSOS:<\/h3>\n<h3 class=\"thin-font\" data-padding=\"5px\"><\/h3>\n<h3 class=\"thin-font\" data-padding=\"5px\">1 Skylanders Imaginators Pack Adventure Pack (Boneco Crash e Dr Neo Cortex)<\/h3>\n","protected":false},"excerpt":{"rendered":"<h3 class=\"thin-font\" data-padding=\"5px\">Agora, com Crash e Dr Neo Cortex, voc\u00ea deve usar o poder de sua imagina\u00e7\u00e3o e lutar na maior das aventuras ao lado dos poderosos Senseis para salvar Skylands.<\/h3>\n","protected":false},"featured_media":7681,"comment_status":"open","ping_status":"closed","template":"","meta":[],"product_cat":[98,89],"product_tag":[],"class_list":{"0":"post-2885","1":"product","2":"type-product","3":"status-publish","4":"has-post-thumbnail","6":"product_cat-brinquedos","7":"product_cat-lazer-e-diversao","9":"first","10":"instock","11":"sale","12":"shipping-taxable","13":"purchasable","14":"product-type-simple"},"_links":{"self":[{"href":"https:\/\/americaoff.com\/index.php\/wp-json\/wp\/v2\/product\/2885","targetHints":{"allow":["GET"]}}],"collection":[{"href":"https:\/\/americaoff.com\/index.php\/wp-json\/wp\/v2\/product"}],"about":[{"href":"https:\/\/americaoff.com\/index.php\/wp-json\/wp\/v2\/types\/product"}],"replies":[{"embeddable":true,"href":"https:\/\/americaoff.com\/index.php\/wp-json\/wp\/v2\/comments?post=2885"}],"wp:featuredmedia":[{"embeddable":true,"href":"https:\/\/americaoff.com\/index.php\/wp-json\/wp\/v2\/media\/7681"}],"wp:attachment":[{"href":"https:\/\/americaoff.com\/index.php\/wp-json\/wp\/v2\/media?parent=2885"}],"wp:term":[{"taxonomy":"product_cat","embeddable":true,"href":"https:\/\/americaoff.com\/index.php\/wp-json\/wp\/v2\/product_cat?post=2885"},{"taxonomy":"product_tag","embeddable":true,"href":"https:\/\/americaoff.com\/index.php\/wp-json\/wp\/v2\/product_tag?post=2885"}],"curies":[{"name":"wp","href":"https:\/\/api.w.org\/{rel}","templated":true}]}}