{"id":3122,"date":"2022-11-17T14:35:54","date_gmt":"2022-11-17T14:35:54","guid":{"rendered":"https:\/\/americaoff.com\/?post_type=product&#038;p=3122"},"modified":"2024-11-19T20:32:08","modified_gmt":"2024-11-19T20:32:08","slug":"teclado-gamer-razer-cynosa-lite-qwerty-ingles-us-com-luz-rgb","status":"publish","type":"product","link":"https:\/\/americaoff.com\/index.php\/product\/teclado-gamer-razer-cynosa-lite-qwerty-ingles-us-com-luz-rgb\/","title":{"rendered":"Teclado Gamer Razer Cynosa Lite Qwerty Ingl\u00eas Us Com Luz Rgb"},"content":{"rendered":"<h2 class=\"thin-font\" data-padding=\"5px\">Teclado Gamer Razer Cynosa Lite Qwerty Ingl\u00eas Us Com Luz Rgb<\/h2>\n<h3 class=\"thin-font\" data-padding=\"5px\">Falar da Razer dentro do mundo dos jogadores \u00e9 palavra maior. Esta empresa oferece produtos de alta qualidade para seus usu\u00e1rios. Sua linha de teclados \u00e9 reconhecida por ter recebido v\u00e1rios pr\u00eamios internacionais por seu alto desempenho.<\/h3>\n<h3 class=\"thin-font\" data-padding=\"5px\">Distin\u00e7\u00e3o a toda cor<br \/>\nSua retroilumina\u00e7\u00e3o lhe d\u00e1 um toque diferente ao seu dispositivo e destaca sua composi\u00e7\u00e3o quando \u00e9 usado em espa\u00e7os mal iluminados.<\/h3>\n<h3 class=\"thin-font\" data-padding=\"5px\">Tecnologia antighosting<br \/>\nEste dispositivo possui teclas antighosting. Esta qualidade \u00e9 indispens\u00e1vel se voc\u00ea precisa de uso intensivo do perif\u00e9rico. Gra\u00e7as a isso, voc\u00ea poder\u00e1 evitar falhas ao tocar v\u00e1rias teclas ao mesmo tempo.<\/h3>\n","protected":false},"excerpt":{"rendered":"<h3 class=\"thin-font\" data-padding=\"5px\">Sua linha de teclados \u00e9 reconhecida por ter recebido v\u00e1rios pr\u00eamios internacionais por seu alto desempenho.<\/h3>\n","protected":false},"featured_media":7692,"comment_status":"open","ping_status":"closed","template":"","meta":[],"product_cat":[91,92,101,102],"product_tag":[],"class_list":{"0":"post-3122","1":"product","2":"type-product","3":"status-publish","4":"has-post-thumbnail","6":"product_cat-eletronicos","7":"product_cat-gamer","8":"product_cat-teclado-gamer","9":"product_cat-teclados","11":"first","12":"instock","13":"sale","14":"shipping-taxable","15":"purchasable","16":"product-type-simple"},"_links":{"self":[{"href":"https:\/\/americaoff.com\/index.php\/wp-json\/wp\/v2\/product\/3122","targetHints":{"allow":["GET"]}}],"collection":[{"href":"https:\/\/americaoff.com\/index.php\/wp-json\/wp\/v2\/product"}],"about":[{"href":"https:\/\/americaoff.com\/index.php\/wp-json\/wp\/v2\/types\/product"}],"replies":[{"embeddable":true,"href":"https:\/\/americaoff.com\/index.php\/wp-json\/wp\/v2\/comments?post=3122"}],"wp:featuredmedia":[{"embeddable":true,"href":"https:\/\/americaoff.com\/index.php\/wp-json\/wp\/v2\/media\/7692"}],"wp:attachment":[{"href":"https:\/\/americaoff.com\/index.php\/wp-json\/wp\/v2\/media?parent=3122"}],"wp:term":[{"taxonomy":"product_cat","embeddable":true,"href":"https:\/\/americaoff.com\/index.php\/wp-json\/wp\/v2\/product_cat?post=3122"},{"taxonomy":"product_tag","embeddable":true,"href":"https:\/\/americaoff.com\/index.php\/wp-json\/wp\/v2\/product_tag?post=3122"}],"curies":[{"name":"wp","href":"https:\/\/api.w.org\/{rel}","templated":true}]}}