{"id":3225,"date":"2022-11-29T18:07:08","date_gmt":"2022-11-29T18:07:08","guid":{"rendered":"https:\/\/americaoff.com\/?post_type=product&#038;p=3225"},"modified":"2024-11-19T20:32:08","modified_gmt":"2024-11-19T20:32:08","slug":"drone-vivitar-air-x-defender-drc-333-wm","status":"publish","type":"product","link":"https:\/\/americaoff.com\/index.php\/product\/drone-vivitar-air-x-defender-drc-333-wm\/","title":{"rendered":"Drone Vivitar Air X Defender Drc 333 WM"},"content":{"rendered":"<h2 class=\"thin-font\" data-padding=\"5px\">Drone Vivitar Air X Defender Drc 333 WM<\/h2>\n<h3 class=\"thin-font\" data-padding=\"5px\">O Vivitar DRC333WM Air Defender Drone da Vivitar est\u00e1 equipado com uma c\u00e2mera de 16.1MP e Wi-Fi. As duas baterias LiPo integradas fornecem 5 a 7 minutos de tempo de voo por carga. Com um transmissor de r\u00e1dio f\u00e1cil de usar com controles multidirecionais, ele pode pairar, virar e voar de cabe\u00e7a para baixo. Equipado com 32 LEDs, este drone Air Defender brilha no escuro. O drone DRC-333 possui um slot microSD integrado, Wi-Fi integrado, um controlador com um suporte para segurar um smartphone e um aplicativo de smartphone complementar que permite aos usu\u00e1rios ter uma vis\u00e3o panor\u00e2mica em tempo real. Tem um alcance de voo de 656 p\u00e9s e um tempo de recarga de 120 minutos.<\/h3>\n","protected":false},"excerpt":{"rendered":"<h3 class=\"thin-font\" data-padding=\"5px\">O drone DRC-333 possui um slot microSD integrado, Wi-Fi integrado, um controlador com um suporte para segurar um smartphone e um aplicativo de smartphone complementar que permite aos usu\u00e1rios ter uma vis\u00e3o panor\u00e2mica em tempo real.<\/h3>\n","protected":false},"featured_media":7694,"comment_status":"open","ping_status":"closed","template":"","meta":[],"product_cat":[98,89],"product_tag":[],"class_list":{"0":"post-3225","1":"product","2":"type-product","3":"status-publish","4":"has-post-thumbnail","6":"product_cat-brinquedos","7":"product_cat-lazer-e-diversao","9":"first","10":"instock","11":"sale","12":"shipping-taxable","13":"purchasable","14":"product-type-simple"},"_links":{"self":[{"href":"https:\/\/americaoff.com\/index.php\/wp-json\/wp\/v2\/product\/3225","targetHints":{"allow":["GET"]}}],"collection":[{"href":"https:\/\/americaoff.com\/index.php\/wp-json\/wp\/v2\/product"}],"about":[{"href":"https:\/\/americaoff.com\/index.php\/wp-json\/wp\/v2\/types\/product"}],"replies":[{"embeddable":true,"href":"https:\/\/americaoff.com\/index.php\/wp-json\/wp\/v2\/comments?post=3225"}],"wp:featuredmedia":[{"embeddable":true,"href":"https:\/\/americaoff.com\/index.php\/wp-json\/wp\/v2\/media\/7694"}],"wp:attachment":[{"href":"https:\/\/americaoff.com\/index.php\/wp-json\/wp\/v2\/media?parent=3225"}],"wp:term":[{"taxonomy":"product_cat","embeddable":true,"href":"https:\/\/americaoff.com\/index.php\/wp-json\/wp\/v2\/product_cat?post=3225"},{"taxonomy":"product_tag","embeddable":true,"href":"https:\/\/americaoff.com\/index.php\/wp-json\/wp\/v2\/product_tag?post=3225"}],"curies":[{"name":"wp","href":"https:\/\/api.w.org\/{rel}","templated":true}]}}