{"id":3234,"date":"2022-11-29T18:18:06","date_gmt":"2022-11-29T18:18:06","guid":{"rendered":"https:\/\/americaoff.com\/?post_type=product&#038;p=3234"},"modified":"2024-11-19T20:32:08","modified_gmt":"2024-11-19T20:32:08","slug":"aviao-e-carro-de-controle-remoto-hotwheels-sky-shock-rc","status":"publish","type":"product","link":"https:\/\/americaoff.com\/index.php\/product\/aviao-e-carro-de-controle-remoto-hotwheels-sky-shock-rc\/","title":{"rendered":"Aviao E Carro De Controle Remoto Hotwheels Sky Shock Rc"},"content":{"rendered":"<h2 class=\"ui-pdp-title thin-font\" data-padding=\"5px\">Aviao E Carro De Controle Remoto Hotwheels Sky Shock Rc<\/h2>\n<h3 class=\"thin-font\" data-padding=\"5px\">Torne-se o melhor campe\u00e3o de corrida ao triunfar no ar ou na pista de corrida;<br \/>\nAcione a transforma\u00e7\u00e3o com o apertar de um bot\u00e3o para abrir suas asas para a decolagem e a vit\u00f3ria;<br \/>\nA velocidade de decolagem e subida \u00e9 incr\u00edvel e a estabilidade aprimorada permite um controle ainda melhor;<br \/>\nEstabilidade aprimorada para uma experi\u00eancia de condu\u00e7\u00e3o suave com velocidade impressionante;<br \/>\nOs recursos atualizados permitem recursos de decolagem e escalada significativamente mais r\u00e1pidos, perfeitos para batalhas a\u00e9reas totais;<\/h3>\n","protected":false},"excerpt":{"rendered":"<h3 class=\"thin-font\" data-padding=\"5px\">Triunfe no ar ou na pista de corrida, com Aviao e Carro De Controle Remoto Hotwheels Sky e seja um campe\u00e3o.<\/h3>\n","protected":false},"featured_media":7698,"comment_status":"open","ping_status":"closed","template":"","meta":[],"product_cat":[98,89],"product_tag":[],"class_list":{"0":"post-3234","1":"product","2":"type-product","3":"status-publish","4":"has-post-thumbnail","6":"product_cat-brinquedos","7":"product_cat-lazer-e-diversao","9":"first","10":"instock","11":"sale","12":"shipping-taxable","13":"purchasable","14":"product-type-simple"},"_links":{"self":[{"href":"https:\/\/americaoff.com\/index.php\/wp-json\/wp\/v2\/product\/3234","targetHints":{"allow":["GET"]}}],"collection":[{"href":"https:\/\/americaoff.com\/index.php\/wp-json\/wp\/v2\/product"}],"about":[{"href":"https:\/\/americaoff.com\/index.php\/wp-json\/wp\/v2\/types\/product"}],"replies":[{"embeddable":true,"href":"https:\/\/americaoff.com\/index.php\/wp-json\/wp\/v2\/comments?post=3234"}],"wp:featuredmedia":[{"embeddable":true,"href":"https:\/\/americaoff.com\/index.php\/wp-json\/wp\/v2\/media\/7698"}],"wp:attachment":[{"href":"https:\/\/americaoff.com\/index.php\/wp-json\/wp\/v2\/media?parent=3234"}],"wp:term":[{"taxonomy":"product_cat","embeddable":true,"href":"https:\/\/americaoff.com\/index.php\/wp-json\/wp\/v2\/product_cat?post=3234"},{"taxonomy":"product_tag","embeddable":true,"href":"https:\/\/americaoff.com\/index.php\/wp-json\/wp\/v2\/product_tag?post=3234"}],"curies":[{"name":"wp","href":"https:\/\/api.w.org\/{rel}","templated":true}]}}