{"id":3252,"date":"2022-11-30T18:28:20","date_gmt":"2022-11-30T18:28:20","guid":{"rendered":"https:\/\/americaoff.com\/?post_type=product&#038;p=3252"},"modified":"2024-11-19T20:32:08","modified_gmt":"2024-11-19T20:32:08","slug":"pen-drive-32gb-superman-flashdrive-emtec","status":"publish","type":"product","link":"https:\/\/americaoff.com\/index.php\/product\/pen-drive-32gb-superman-flashdrive-emtec\/","title":{"rendered":"Pen Drive 32gb Superman Flashdrive Emtec"},"content":{"rendered":"<h2 class=\"thin-font\" data-padding=\"5px\">Pen Drive 32gb Superman Flashdrive Emtec<\/h2>\n<h3 class=\"thin-font\" data-padding=\"5px\">Este unidade flash USB 2.0 DC Comics Superman 32GB \u00e9 a solu\u00e7\u00e3o perfeita para o seu armazenamento de dados.<br \/>\nEste unidade flash colorida apresenta o ic\u00f4nico escudo do Superman e \u00e9 feita de borracha de silicone de alta qualidade.<br \/>\nA unidade flash inclui uma corrente para anexar \u00e0s chaves e inclui um plugue que se encaixa no corpo do USB quando a unidade flash est\u00e1 em uso, para que voc\u00ea n\u00e3o perca o corpo.<br \/>\nO Flash Drive \u00e9 universalmente compat\u00edvel com USB 2.0 e funciona com os sistemas operacionais Windows 10, 8, 7, Vista, XP, Me, 2000\/Mac OS X e Linux 2.6x. As velocidades de leitura s\u00e3o de at\u00e9 15 MB\/s e as velocidades de grava\u00e7\u00e3o s\u00e3o de at\u00e9 5 MB\/s.<br \/>\nCapacidade de 32 GB<br \/>\nCompatibilidade Universal USB 2.0<br \/>\nInclui corrente com plugue para evitar a perda do corpo da unidade USB<br \/>\nFeito de borracha de toque macio<\/h3>\n","protected":false},"excerpt":{"rendered":"<h3 class=\"thin-font\" data-padding=\"5px\">Este unidade flash USB 2.0 DC Comics Superman 32GB \u00e9 a solu\u00e7\u00e3o perfeita para o seu armazenamento de dados.<\/h3>\n","protected":false},"featured_media":7702,"comment_status":"open","ping_status":"closed","template":"","meta":[],"product_cat":[91,103,104],"product_tag":[],"class_list":{"0":"post-3252","1":"product","2":"type-product","3":"status-publish","4":"has-post-thumbnail","6":"product_cat-eletronicos","7":"product_cat-informatica","8":"product_cat-pendrives","10":"first","11":"instock","12":"sale","13":"shipping-taxable","14":"purchasable","15":"product-type-simple"},"_links":{"self":[{"href":"https:\/\/americaoff.com\/index.php\/wp-json\/wp\/v2\/product\/3252","targetHints":{"allow":["GET"]}}],"collection":[{"href":"https:\/\/americaoff.com\/index.php\/wp-json\/wp\/v2\/product"}],"about":[{"href":"https:\/\/americaoff.com\/index.php\/wp-json\/wp\/v2\/types\/product"}],"replies":[{"embeddable":true,"href":"https:\/\/americaoff.com\/index.php\/wp-json\/wp\/v2\/comments?post=3252"}],"wp:featuredmedia":[{"embeddable":true,"href":"https:\/\/americaoff.com\/index.php\/wp-json\/wp\/v2\/media\/7702"}],"wp:attachment":[{"href":"https:\/\/americaoff.com\/index.php\/wp-json\/wp\/v2\/media?parent=3252"}],"wp:term":[{"taxonomy":"product_cat","embeddable":true,"href":"https:\/\/americaoff.com\/index.php\/wp-json\/wp\/v2\/product_cat?post=3252"},{"taxonomy":"product_tag","embeddable":true,"href":"https:\/\/americaoff.com\/index.php\/wp-json\/wp\/v2\/product_tag?post=3252"}],"curies":[{"name":"wp","href":"https:\/\/api.w.org\/{rel}","templated":true}]}}