{"id":3257,"date":"2022-11-30T18:39:47","date_gmt":"2022-11-30T18:39:47","guid":{"rendered":"https:\/\/americaoff.com\/?post_type=product&#038;p=3257"},"modified":"2024-11-19T20:32:09","modified_gmt":"2024-11-19T20:32:09","slug":"mochila-tatica-militar-u-s-army-modular","status":"publish","type":"product","link":"https:\/\/americaoff.com\/index.php\/product\/mochila-tatica-militar-u-s-army-modular\/","title":{"rendered":"Mochila T\u00e1tica Militar U.S Army Modular"},"content":{"rendered":"<h2 class=\"thin-font\" data-padding=\"5px\">Mochila T\u00e1tica Militar U.S Army Modular<\/h2>\n<h3 class=\"thin-font\" data-padding=\"5px\">Mochila Importada dos Estados Unidos, desejada no mundo militar, feita em material super resistente, acabamento perfeito, ziper refor\u00e7ado.<\/h3>\n<h3 class=\"thin-font\" data-padding=\"5px\">Mochila T\u00e1tica Militar com uma durabilidade fant\u00e1stica.<\/h3>\n<h3 class=\"thin-font\" data-padding=\"5px\">Suas Al\u00e7as de ombro s\u00e3o ajust\u00e1veis.<\/h3>\n","protected":false},"excerpt":{"rendered":"<h3 class=\"thin-font\" data-padding=\"5px\">Mochila Importada dos Estados Unidos, desejada no mundo militar, feita em material super resistente, acabamento perfeito, ziper refor\u00e7ado.<\/h3>\n","protected":false},"featured_media":7704,"comment_status":"open","ping_status":"closed","template":"","meta":[],"product_cat":[66,105],"product_tag":[],"class_list":{"0":"post-3257","1":"product","2":"type-product","3":"status-publish","4":"has-post-thumbnail","6":"product_cat-homens","7":"product_cat-mochilas","9":"first","10":"instock","11":"sale","12":"shipping-taxable","13":"purchasable","14":"product-type-simple"},"_links":{"self":[{"href":"https:\/\/americaoff.com\/index.php\/wp-json\/wp\/v2\/product\/3257","targetHints":{"allow":["GET"]}}],"collection":[{"href":"https:\/\/americaoff.com\/index.php\/wp-json\/wp\/v2\/product"}],"about":[{"href":"https:\/\/americaoff.com\/index.php\/wp-json\/wp\/v2\/types\/product"}],"replies":[{"embeddable":true,"href":"https:\/\/americaoff.com\/index.php\/wp-json\/wp\/v2\/comments?post=3257"}],"wp:featuredmedia":[{"embeddable":true,"href":"https:\/\/americaoff.com\/index.php\/wp-json\/wp\/v2\/media\/7704"}],"wp:attachment":[{"href":"https:\/\/americaoff.com\/index.php\/wp-json\/wp\/v2\/media?parent=3257"}],"wp:term":[{"taxonomy":"product_cat","embeddable":true,"href":"https:\/\/americaoff.com\/index.php\/wp-json\/wp\/v2\/product_cat?post=3257"},{"taxonomy":"product_tag","embeddable":true,"href":"https:\/\/americaoff.com\/index.php\/wp-json\/wp\/v2\/product_tag?post=3257"}],"curies":[{"name":"wp","href":"https:\/\/api.w.org\/{rel}","templated":true}]}}