{"id":3272,"date":"2022-11-30T19:40:57","date_gmt":"2022-11-30T19:40:57","guid":{"rendered":"https:\/\/americaoff.com\/?post_type=product&#038;p=3272"},"modified":"2024-11-19T20:32:09","modified_gmt":"2024-11-19T20:32:09","slug":"tesoura-fiskars-rapida-e-precisa-patwork","status":"publish","type":"product","link":"https:\/\/americaoff.com\/index.php\/product\/tesoura-fiskars-rapida-e-precisa-patwork\/","title":{"rendered":"Tesoura Fiskars r\u00e1pida e precisa Patwork"},"content":{"rendered":"<h2 class=\"thin-font\" data-padding=\"5px\">Tesoura Fiskars r\u00e1pida e precisa Patwork<\/h2>\n<h3 class=\"thin-font\" data-padding=\"5px\">Suas l\u00e2minas de a\u00e7o inoxid\u00e1vel oferecem uma borda afiada duradoura e ponta pontiaguda para maior precis\u00e3o.<\/h3>\n<h3 class=\"thin-font\" data-padding=\"5px\">A al\u00e7a acomoda usu\u00e1rios destros e canhotos e possui uma al\u00e7a de dedo maior e uma al\u00e7a de polegar ergon\u00f4mica para um ajuste natural e mais confort\u00e1vel.<\/h3>\n<h3 class=\"thin-font\" data-padding=\"5px\"><\/h3>\n<h3 class=\"thin-font\" data-padding=\"5px\">L\u00e2minas de a\u00e7o inoxid\u00e1vel com ponta pontiaguda para um desempenho de corte preciso e duradouro<\/h3>\n<h3 class=\"thin-font\" data-padding=\"5px\">Marca n\u00ba 1 recomendada por professores<\/h3>\n<h3 class=\"thin-font\" data-padding=\"5px\">Acomoda usu\u00e1rios destros e canhotos<\/h3>\n<h3 class=\"thin-font\" data-padding=\"5px\">Grande al\u00e7a de dedo e al\u00e7a de polegar ergonomicamente projetada para conforto e facilidade de uso<\/h3>\n<h3 class=\"thin-font\" data-padding=\"5px\">A superf\u00edcie lisa da al\u00e7a fornece apar\u00eancia e toque preferidos<\/h3>\n","protected":false},"excerpt":{"rendered":"<h3 class=\"thin-font\" data-padding=\"5px\">As l\u00e2minas de a\u00e7o inoxid\u00e1vel da Tesoura Fiskars, oferecem uma borda afiada duradoura e ponta pontiaguda para maior precis\u00e3o.<\/h3>\n","protected":false},"featured_media":7710,"comment_status":"open","ping_status":"closed","template":"","meta":[],"product_cat":[107,108],"product_tag":[],"class_list":{"0":"post-3272","1":"product","2":"type-product","3":"status-publish","4":"has-post-thumbnail","6":"product_cat-papelaria","7":"product_cat-tesouras","9":"first","10":"instock","11":"sale","12":"shipping-taxable","13":"purchasable","14":"product-type-simple"},"_links":{"self":[{"href":"https:\/\/americaoff.com\/index.php\/wp-json\/wp\/v2\/product\/3272","targetHints":{"allow":["GET"]}}],"collection":[{"href":"https:\/\/americaoff.com\/index.php\/wp-json\/wp\/v2\/product"}],"about":[{"href":"https:\/\/americaoff.com\/index.php\/wp-json\/wp\/v2\/types\/product"}],"replies":[{"embeddable":true,"href":"https:\/\/americaoff.com\/index.php\/wp-json\/wp\/v2\/comments?post=3272"}],"wp:featuredmedia":[{"embeddable":true,"href":"https:\/\/americaoff.com\/index.php\/wp-json\/wp\/v2\/media\/7710"}],"wp:attachment":[{"href":"https:\/\/americaoff.com\/index.php\/wp-json\/wp\/v2\/media?parent=3272"}],"wp:term":[{"taxonomy":"product_cat","embeddable":true,"href":"https:\/\/americaoff.com\/index.php\/wp-json\/wp\/v2\/product_cat?post=3272"},{"taxonomy":"product_tag","embeddable":true,"href":"https:\/\/americaoff.com\/index.php\/wp-json\/wp\/v2\/product_tag?post=3272"}],"curies":[{"name":"wp","href":"https:\/\/api.w.org\/{rel}","templated":true}]}}