{"id":3296,"date":"2022-12-01T13:31:08","date_gmt":"2022-12-01T13:31:08","guid":{"rendered":"https:\/\/americaoff.com\/?post_type=product&#038;p=3296"},"modified":"2024-11-19T20:32:09","modified_gmt":"2024-11-19T20:32:09","slug":"microfone-usb-jlab-talk-go-2-direcionais-96khz-24bit","status":"publish","type":"product","link":"https:\/\/americaoff.com\/index.php\/product\/microfone-usb-jlab-talk-go-2-direcionais-96khz-24bit\/","title":{"rendered":"Microfone Usb Jlab Talk Go &#8211; 2 Direcionais &#8211; 96khz\/24bit"},"content":{"rendered":"<h2 class=\"thin-font\" data-padding=\"5px\">Microfone Usb Jlab Talk Go &#8211; 2 Direcionais &#8211; 96khz\/24bit<\/h2>\n<h3 class=\"thin-font\" data-padding=\"5px\">Compacto, Leve e Port\u00e1til: Conhe\u00e7a o Talk GO, um microfone compacto, leve e port\u00e1til, com desempenho de qualidade de est\u00fadio. Oferecendo uma resolu\u00e7\u00e3o generosa de 96kHz\/24BIT, o Talk GO \u00e9 \u00f3timo para chamadas, podcasts, jogos, ASMR e voice overs usando seus dois modos de padr\u00e3o direcional, Cardi\u00f3ide e Omnidirecional.<br \/>\nGrava\u00e7\u00e3o de N\u00edvel Profissional: O Talk GO apresenta uma resolu\u00e7\u00e3o com qualidade de est\u00fadio de 96kHz\/24BIT para garantir que a grava\u00e7\u00e3o seja clara, detalhada e oferece uma excelente faixa de som din\u00e2mico para uso di\u00e1rio. Com seu ajuste compacto e constru\u00e7\u00e3o leve, voc\u00ea pode lev\u00e1-lo para qualquer lugar, a qualquer hora.<br \/>\n2 modos de padr\u00e3o direcional: O Talk GO apresenta dois modos de padr\u00e3o direcional: Cardi\u00f3ide e Omni. \u00d3timo para chamadas individuais ou empresariais, locu\u00e7\u00f5es, podcasting, grava\u00e7\u00e3o de m\u00fasica e at\u00e9 mesmo ASMR. Escolha o modo que vai com as suas necessidades.<br \/>\nControle sua grava\u00e7\u00e3o: escolha sua prefer\u00eancia de \u00e1udio com os ajustes de volume com controle de volume. O Talk GO possui um bot\u00e3o Quick-Mute para f\u00e1cil acesso e uma entrada AUX de 3,5 mm para audi\u00e7\u00e3o em tempo real com lat\u00eancia zero.<br \/>\nPlug and Play: Talk GO oferece um cabo de entrada USB\/USB-C de 1,5 m para conectar ao seu dispositivo e operar sua grava\u00e7\u00e3o sem problemas. Use a entrada de tamanho padr\u00e3o de 5\/8\u201d para montagem girat\u00f3ria em qualquer coisa, como trip\u00e9s de c\u00e2mera ou outros suportes. Talk GO \u00e9 livre de drivers e possui plug and play, permitindo que voc\u00ea grave em segundos.<\/h3>\n","protected":false},"excerpt":{"rendered":"<h3 class=\"thin-font\" data-padding=\"5px\">Microfone compacto, leve e port\u00e1til, com desempenho e qualidade de est\u00fadio.<\/h3>\n","protected":false},"featured_media":7714,"comment_status":"open","ping_status":"closed","template":"","meta":[],"product_cat":[91,103,109,110],"product_tag":[],"class_list":{"0":"post-3296","1":"product","2":"type-product","3":"status-publish","4":"has-post-thumbnail","6":"product_cat-eletronicos","7":"product_cat-informatica","8":"product_cat-microfone-gamer","9":"product_cat-microfones","11":"first","12":"instock","13":"sale","14":"shipping-taxable","15":"purchasable","16":"product-type-simple"},"_links":{"self":[{"href":"https:\/\/americaoff.com\/index.php\/wp-json\/wp\/v2\/product\/3296","targetHints":{"allow":["GET"]}}],"collection":[{"href":"https:\/\/americaoff.com\/index.php\/wp-json\/wp\/v2\/product"}],"about":[{"href":"https:\/\/americaoff.com\/index.php\/wp-json\/wp\/v2\/types\/product"}],"replies":[{"embeddable":true,"href":"https:\/\/americaoff.com\/index.php\/wp-json\/wp\/v2\/comments?post=3296"}],"wp:featuredmedia":[{"embeddable":true,"href":"https:\/\/americaoff.com\/index.php\/wp-json\/wp\/v2\/media\/7714"}],"wp:attachment":[{"href":"https:\/\/americaoff.com\/index.php\/wp-json\/wp\/v2\/media?parent=3296"}],"wp:term":[{"taxonomy":"product_cat","embeddable":true,"href":"https:\/\/americaoff.com\/index.php\/wp-json\/wp\/v2\/product_cat?post=3296"},{"taxonomy":"product_tag","embeddable":true,"href":"https:\/\/americaoff.com\/index.php\/wp-json\/wp\/v2\/product_tag?post=3296"}],"curies":[{"name":"wp","href":"https:\/\/api.w.org\/{rel}","templated":true}]}}