{"id":3315,"date":"2022-12-01T14:05:14","date_gmt":"2022-12-01T14:05:14","guid":{"rendered":"https:\/\/americaoff.com\/?post_type=product&#038;p=3315"},"modified":"2024-11-19T20:32:09","modified_gmt":"2024-11-19T20:32:09","slug":"luminaria-de-mesa-digital-com-luz-de-led-preto","status":"publish","type":"product","link":"https:\/\/americaoff.com\/index.php\/product\/luminaria-de-mesa-digital-com-luz-de-led-preto\/","title":{"rendered":"Lumin\u00e1ria De Mesa Digital Com Luz De Led &#8211; Preto"},"content":{"rendered":"<h2 class=\"thin-font\" data-padding=\"5px\">Lumin\u00e1ria De Mesa Digital Com Luz De Led &#8211; Preto<\/h2>\n<h3 class=\"thin-font\" data-padding=\"5px\">Luminaria de led digital super moderna;<br \/>\nN\u00e3o precisa trocar a l\u00e2mpada;<br \/>\n3 n\u00edveis de ilumina\u00e7\u00e3o (para leitura, para descanso e para dormir);<br \/>\nDura 36.000 horas;<br \/>\nFunciona com um leve toque;<br \/>\n4,6 watts de pot\u00eancia;<br \/>\nDesign moderno;<br \/>\nProduto leve e moderno;<br \/>\nVoc\u00ea consegue mover a haste e a parte da l\u00e2mpada pra onde quiser;<\/h3>\n","protected":false},"excerpt":{"rendered":"<h3 class=\"thin-font\" data-padding=\"5px\">Luminaria de led, digital e super moderna.<\/h3>\n","protected":false},"featured_media":7720,"comment_status":"open","ping_status":"closed","template":"","meta":[],"product_cat":[91],"product_tag":[],"class_list":{"0":"post-3315","1":"product","2":"type-product","3":"status-publish","4":"has-post-thumbnail","6":"product_cat-eletronicos","8":"first","9":"instock","10":"sale","11":"shipping-taxable","12":"purchasable","13":"product-type-simple"},"_links":{"self":[{"href":"https:\/\/americaoff.com\/index.php\/wp-json\/wp\/v2\/product\/3315","targetHints":{"allow":["GET"]}}],"collection":[{"href":"https:\/\/americaoff.com\/index.php\/wp-json\/wp\/v2\/product"}],"about":[{"href":"https:\/\/americaoff.com\/index.php\/wp-json\/wp\/v2\/types\/product"}],"replies":[{"embeddable":true,"href":"https:\/\/americaoff.com\/index.php\/wp-json\/wp\/v2\/comments?post=3315"}],"wp:featuredmedia":[{"embeddable":true,"href":"https:\/\/americaoff.com\/index.php\/wp-json\/wp\/v2\/media\/7720"}],"wp:attachment":[{"href":"https:\/\/americaoff.com\/index.php\/wp-json\/wp\/v2\/media?parent=3315"}],"wp:term":[{"taxonomy":"product_cat","embeddable":true,"href":"https:\/\/americaoff.com\/index.php\/wp-json\/wp\/v2\/product_cat?post=3315"},{"taxonomy":"product_tag","embeddable":true,"href":"https:\/\/americaoff.com\/index.php\/wp-json\/wp\/v2\/product_tag?post=3315"}],"curies":[{"name":"wp","href":"https:\/\/api.w.org\/{rel}","templated":true}]}}