{"id":3323,"date":"2022-12-01T14:38:58","date_gmt":"2022-12-01T14:38:58","guid":{"rendered":"https:\/\/americaoff.com\/?post_type=product&#038;p=3323"},"modified":"2024-11-19T20:32:11","modified_gmt":"2024-11-19T20:32:11","slug":"suporte-de-pescoco-para-celular-universal","status":"publish","type":"product","link":"https:\/\/americaoff.com\/index.php\/product\/suporte-de-pescoco-para-celular-universal\/","title":{"rendered":"Suporte De Pesco\u00e7o Para Celular Universal"},"content":{"rendered":"<h2 class=\"thin-font\" data-padding=\"5px\">Suporte De Pesco\u00e7o Para Celular Universal<\/h2>\n<h3 class=\"thin-font\" data-padding=\"5px\">Fant\u00e1stico suporte de pesco\u00e7o super flex\u00edvel, Motion mount.<\/h3>\n<h3 class=\"thin-font\" data-padding=\"5px\">Varias Utilidades, como, filmar sua caminhada, sua corrida, seu pedal, seu passeio, mostrar videos para o beb\u00ea, e o que o dia a dia sugerir.<\/h3>\n","protected":false},"excerpt":{"rendered":"<h3 class=\"thin-font\" data-padding=\"5px\">Fant\u00e1stico suporte de pesco\u00e7o super flex\u00edvel.<\/h3>\n","protected":false},"featured_media":7724,"comment_status":"open","ping_status":"closed","template":"","meta":[],"product_cat":[112,114,71,113,91,96],"product_tag":[],"class_list":{"0":"post-3323","1":"product","2":"type-product","3":"status-publish","4":"has-post-thumbnail","6":"product_cat-acessorios-bike","7":"product_cat-acessorios-para-celular","8":"product_cat-bicicleta","9":"product_cat-celulares","10":"product_cat-eletronicos","11":"product_cat-esporte","13":"first","14":"instock","15":"sale","16":"shipping-taxable","17":"purchasable","18":"product-type-simple"},"_links":{"self":[{"href":"https:\/\/americaoff.com\/index.php\/wp-json\/wp\/v2\/product\/3323","targetHints":{"allow":["GET"]}}],"collection":[{"href":"https:\/\/americaoff.com\/index.php\/wp-json\/wp\/v2\/product"}],"about":[{"href":"https:\/\/americaoff.com\/index.php\/wp-json\/wp\/v2\/types\/product"}],"replies":[{"embeddable":true,"href":"https:\/\/americaoff.com\/index.php\/wp-json\/wp\/v2\/comments?post=3323"}],"wp:featuredmedia":[{"embeddable":true,"href":"https:\/\/americaoff.com\/index.php\/wp-json\/wp\/v2\/media\/7724"}],"wp:attachment":[{"href":"https:\/\/americaoff.com\/index.php\/wp-json\/wp\/v2\/media?parent=3323"}],"wp:term":[{"taxonomy":"product_cat","embeddable":true,"href":"https:\/\/americaoff.com\/index.php\/wp-json\/wp\/v2\/product_cat?post=3323"},{"taxonomy":"product_tag","embeddable":true,"href":"https:\/\/americaoff.com\/index.php\/wp-json\/wp\/v2\/product_tag?post=3323"}],"curies":[{"name":"wp","href":"https:\/\/api.w.org\/{rel}","templated":true}]}}