{"id":3340,"date":"2022-12-01T14:52:39","date_gmt":"2022-12-01T14:52:39","guid":{"rendered":"https:\/\/americaoff.com\/?post_type=product&#038;p=3340"},"modified":"2024-11-19T20:32:11","modified_gmt":"2024-11-19T20:32:11","slug":"trava-cadeado-antifurto-senha-palavra-cabo-de-aco-12mm-bike","status":"publish","type":"product","link":"https:\/\/americaoff.com\/index.php\/product\/trava-cadeado-antifurto-senha-palavra-cabo-de-aco-12mm-bike\/","title":{"rendered":"Trava Cadeado Antifurto Senha Palavra Cabo De A\u00e7o 12mm Bike"},"content":{"rendered":"<h2 class=\"thin-font\" data-padding=\"5px\">Trava Cadeado Antifurto Senha Palavra Cabo De A\u00e7o 12mm Bike<\/h2>\n<h3 class=\"thin-font\" data-padding=\"5px\">Cabo de a\u00e7o tripo para bike, e muitas outras utilidades, super resistente, com combina\u00e7\u00e3o de senha de letras.<\/h3>\n","protected":false},"excerpt":{"rendered":"<h3 class=\"thin-font\" data-padding=\"5px\">Cabo de a\u00e7o tripo para bike, e muitas outras utilidades, super resistente, com combina\u00e7\u00e3o de senha de letras.<\/h3>\n","protected":false},"featured_media":7731,"comment_status":"open","ping_status":"closed","template":"","meta":[],"product_cat":[112,71,96],"product_tag":[],"class_list":{"0":"post-3340","1":"product","2":"type-product","3":"status-publish","4":"has-post-thumbnail","6":"product_cat-acessorios-bike","7":"product_cat-bicicleta","8":"product_cat-esporte","10":"first","11":"instock","12":"sale","13":"shipping-taxable","14":"purchasable","15":"product-type-simple"},"_links":{"self":[{"href":"https:\/\/americaoff.com\/index.php\/wp-json\/wp\/v2\/product\/3340","targetHints":{"allow":["GET"]}}],"collection":[{"href":"https:\/\/americaoff.com\/index.php\/wp-json\/wp\/v2\/product"}],"about":[{"href":"https:\/\/americaoff.com\/index.php\/wp-json\/wp\/v2\/types\/product"}],"replies":[{"embeddable":true,"href":"https:\/\/americaoff.com\/index.php\/wp-json\/wp\/v2\/comments?post=3340"}],"wp:featuredmedia":[{"embeddable":true,"href":"https:\/\/americaoff.com\/index.php\/wp-json\/wp\/v2\/media\/7731"}],"wp:attachment":[{"href":"https:\/\/americaoff.com\/index.php\/wp-json\/wp\/v2\/media?parent=3340"}],"wp:term":[{"taxonomy":"product_cat","embeddable":true,"href":"https:\/\/americaoff.com\/index.php\/wp-json\/wp\/v2\/product_cat?post=3340"},{"taxonomy":"product_tag","embeddable":true,"href":"https:\/\/americaoff.com\/index.php\/wp-json\/wp\/v2\/product_tag?post=3340"}],"curies":[{"name":"wp","href":"https:\/\/api.w.org\/{rel}","templated":true}]}}