{"id":3365,"date":"2022-12-01T15:36:04","date_gmt":"2022-12-01T15:36:04","guid":{"rendered":"https:\/\/americaoff.com\/?post_type=product&#038;p=3365"},"modified":"2024-11-19T20:32:12","modified_gmt":"2024-11-19T20:32:12","slug":"bone-marinha-americana-u-s-navy-camuflado","status":"publish","type":"product","link":"https:\/\/americaoff.com\/index.php\/product\/bone-marinha-americana-u-s-navy-camuflado\/","title":{"rendered":"Bon\u00e9 Marinha Americana U.S Navy Camuflado"},"content":{"rendered":"<h2 class=\"thin-font\" data-padding=\"5px\">Bon\u00e9 Marinha Americana U.S Navy Camuflado<\/h2>\n<h3 class=\"thin-font\" data-padding=\"5px\">Bon\u00e9 ideal para amantes do ex\u00e9rcito Americano, nesse caso, a Marinha, simplesmente \u00fanico.<\/h3>\n","protected":false},"excerpt":{"rendered":"<h3 class=\"thin-font\" data-padding=\"5px\">Bon\u00e9 ideal para amantes do ex\u00e9rcito Americano, nesse caso, a Marinha, simplesmente \u00fanico.<\/h3>\n","protected":false},"featured_media":7738,"comment_status":"open","ping_status":"closed","template":"","meta":[],"product_cat":[81,73,66],"product_tag":[],"class_list":{"0":"post-3365","1":"product","2":"type-product","3":"status-publish","4":"has-post-thumbnail","6":"product_cat-aba-curva","7":"product_cat-bones","8":"product_cat-homens","10":"first","11":"instock","12":"sale","13":"shipping-taxable","14":"purchasable","15":"product-type-simple"},"_links":{"self":[{"href":"https:\/\/americaoff.com\/index.php\/wp-json\/wp\/v2\/product\/3365","targetHints":{"allow":["GET"]}}],"collection":[{"href":"https:\/\/americaoff.com\/index.php\/wp-json\/wp\/v2\/product"}],"about":[{"href":"https:\/\/americaoff.com\/index.php\/wp-json\/wp\/v2\/types\/product"}],"replies":[{"embeddable":true,"href":"https:\/\/americaoff.com\/index.php\/wp-json\/wp\/v2\/comments?post=3365"}],"wp:featuredmedia":[{"embeddable":true,"href":"https:\/\/americaoff.com\/index.php\/wp-json\/wp\/v2\/media\/7738"}],"wp:attachment":[{"href":"https:\/\/americaoff.com\/index.php\/wp-json\/wp\/v2\/media?parent=3365"}],"wp:term":[{"taxonomy":"product_cat","embeddable":true,"href":"https:\/\/americaoff.com\/index.php\/wp-json\/wp\/v2\/product_cat?post=3365"},{"taxonomy":"product_tag","embeddable":true,"href":"https:\/\/americaoff.com\/index.php\/wp-json\/wp\/v2\/product_tag?post=3365"}],"curies":[{"name":"wp","href":"https:\/\/api.w.org\/{rel}","templated":true}]}}