{"id":3371,"date":"2022-12-01T17:47:14","date_gmt":"2022-12-01T17:47:14","guid":{"rendered":"https:\/\/americaoff.com\/?post_type=product&#038;p=3371"},"modified":"2024-11-19T20:32:12","modified_gmt":"2024-11-19T20:32:12","slug":"lanterna-led-com-som-bluetooth-powerbank","status":"publish","type":"product","link":"https:\/\/americaoff.com\/index.php\/product\/lanterna-led-com-som-bluetooth-powerbank\/","title":{"rendered":"Lanterna Led Com Som Bluetooth Powerbank"},"content":{"rendered":"<h2 class=\"thin-font\" data-padding=\"5px\">Lanterna Led Com Som Bluetooth Powerbank<\/h2>\n<h3 data-padding=\"5px\">Al\u00e9m de ser uma lanterna fant\u00e1stica, ela cont\u00e9m fun\u00e7\u00f5es que agregam no dia a dia.<\/h3>\n<h3 class=\"thin-font\" data-padding=\"5px\">Lanterna led repleta de fun\u00e7\u00f5es, com alto-falante musical sem fio Bluetooth,&nbsp; e carregador de celular.<\/h3>\n<h3 class=\"thin-font\" data-padding=\"5px\">Especifica\u00e7\u00f5es:<\/h3>\n<h3 class=\"thin-font\" data-padding=\"5px\">Nome: MultiSpeaker<\/h3>\n<h3 class=\"thin-font\" data-padding=\"5px\">Pot\u00eancia de sa\u00edda do alto-falante: 3W<\/h3>\n<h3 class=\"thin-font\" data-padding=\"5px\">Resposta de frequ\u00eancia: 180Hz 20KHz<\/h3>\n<h3 class=\"thin-font\" data-padding=\"5px\">Rela\u00e7\u00e3o sinal-ru\u00eddo: 80dB<\/h3>\n<h3 class=\"thin-font\" data-padding=\"5px\">Bluetooth: Suporte para telefone Bluetooth (prompt de voz)<\/h3>\n<h3 class=\"thin-font\" data-padding=\"5px\">Dist\u00e2ncia de transmiss\u00e3o Bluetooth: 10M<\/h3>\n<h3 class=\"thin-font\" data-padding=\"5px\">Leitor de m\u00fasica: conecte o telefone para reproduzir, WAV, leitor de m\u00fasica sem perdas MP3 R\u00e1dio FM Ilumina\u00e7\u00e3o lanterna, suporte sinal de socorro SOS Suporte a fun\u00e7\u00e3o de chamada recebida, comandos de voz USB suporta carregamento e descarregamento 5V1A<\/h3>\n<h3 class=\"thin-font\" data-padding=\"5px\">Carregamento inteligente integrado, circuito de prote\u00e7\u00e3o de descarga<\/h3>\n<h3 class=\"thin-font\" data-padding=\"5px\">Energia m\u00f3vel de 2200mAh, pode celular recarreg\u00e1vel Tempo de carregamento: 3 horas Tempo de ilumina\u00e7\u00e3o: 3 horas<\/h3>\n<h3 class=\"thin-font\" data-padding=\"5px\">Instru\u00e7\u00f5es: Pressione longamente o bot\u00e3o liga \/ desliga<\/h3>\n<h3 class=\"thin-font\" data-padding=\"5px\">Pressione rapidamente a tecla liga \/ desliga para reproduzir \/ pausar \/ atender \/ desligar o telefone<\/h3>\n<h3 class=\"thin-font\" data-padding=\"5px\">Pressione rapidamente dois bot\u00f5es liga \/ desliga para Bluetooth, cart\u00e3o TF, modo FM Status do r\u00e1dio, pressione rapidamente o bot\u00e3o liga \/ desliga, busca autom\u00e1tica de duas esta\u00e7\u00f5es<\/h3>\n<h3 class=\"thin-font\" data-padding=\"5px\">Chave de descarga da tocha, pressione e segure o sinal SOS para obter ajuda<\/h3>\n<h3 class=\"thin-font\" data-padding=\"5px\">Pode desligar a linha do plugue da l\u00e2mpada para carregar o telefone c\u00e9lula.<\/h3>\n","protected":false},"excerpt":{"rendered":"<h3 class=\"thin-font\" data-padding=\"5px\">Al\u00e9m de ser uma lanterna fant\u00e1stica, ela cont\u00e9m fun\u00e7\u00f5es que agregam no dia a dia.<\/h3>\n","protected":false},"featured_media":7741,"comment_status":"open","ping_status":"closed","template":"","meta":[],"product_cat":[112,71,96],"product_tag":[],"class_list":{"0":"post-3371","1":"product","2":"type-product","3":"status-publish","4":"has-post-thumbnail","6":"product_cat-acessorios-bike","7":"product_cat-bicicleta","8":"product_cat-esporte","10":"first","11":"instock","12":"sale","13":"shipping-taxable","14":"purchasable","15":"product-type-simple"},"_links":{"self":[{"href":"https:\/\/americaoff.com\/index.php\/wp-json\/wp\/v2\/product\/3371","targetHints":{"allow":["GET"]}}],"collection":[{"href":"https:\/\/americaoff.com\/index.php\/wp-json\/wp\/v2\/product"}],"about":[{"href":"https:\/\/americaoff.com\/index.php\/wp-json\/wp\/v2\/types\/product"}],"replies":[{"embeddable":true,"href":"https:\/\/americaoff.com\/index.php\/wp-json\/wp\/v2\/comments?post=3371"}],"wp:featuredmedia":[{"embeddable":true,"href":"https:\/\/americaoff.com\/index.php\/wp-json\/wp\/v2\/media\/7741"}],"wp:attachment":[{"href":"https:\/\/americaoff.com\/index.php\/wp-json\/wp\/v2\/media?parent=3371"}],"wp:term":[{"taxonomy":"product_cat","embeddable":true,"href":"https:\/\/americaoff.com\/index.php\/wp-json\/wp\/v2\/product_cat?post=3371"},{"taxonomy":"product_tag","embeddable":true,"href":"https:\/\/americaoff.com\/index.php\/wp-json\/wp\/v2\/product_tag?post=3371"}],"curies":[{"name":"wp","href":"https:\/\/api.w.org\/{rel}","templated":true}]}}