{"id":3378,"date":"2022-12-06T17:00:23","date_gmt":"2022-12-06T17:00:23","guid":{"rendered":"https:\/\/americaoff.com\/?post_type=product&#038;p=3378"},"modified":"2024-11-19T20:32:12","modified_gmt":"2024-11-19T20:32:12","slug":"mouse-para-jogo-corsair-harpoon-rgb-preto","status":"publish","type":"product","link":"https:\/\/americaoff.com\/index.php\/product\/mouse-para-jogo-corsair-harpoon-rgb-preto\/","title":{"rendered":"Mouse Para Jogo Corsair Harpoon Rgb Preto"},"content":{"rendered":"<h2 class=\"thin-font\" data-padding=\"5px\">Mouse Para Jogo Corsair Harpoon Rgb Preto<\/h2>\n<h3 class=\"thin-font\" data-padding=\"5px\">Para trabalhar desde casa com o computador ou aproveitar momentos de lazer, voc\u00ea precisa de conforto e facilidade de movimento. Com o seu Corsair Harpoon RGB encontre o que voc\u00ea est\u00e1 procurando em um \u00fanico dispositivo com a melhor tecnologia.<\/h3>\n<h3 class=\"thin-font\" data-padding=\"5px\"><\/h3>\n<h3 class=\"thin-font\" data-padding=\"5px\">Adaptado aos seus movimentos<\/h3>\n<h3 class=\"thin-font\" data-padding=\"5px\">O mouse de jogo vai oferecer a voc\u00ea a possibilidade de fazer a diferen\u00e7a e tirar proveito dos seus jogos. Sua conectividade e sensor suave ajudar\u00e3o a voc\u00ea se mover rapidamente pela tela.<\/h3>\n<h3 class=\"thin-font\" data-padding=\"5px\"><\/h3>\n<h3 class=\"thin-font\" data-padding=\"5px\">A funcionalidade ao alcance da sua m\u00e3o<\/h3>\n<h3 class=\"thin-font\" data-padding=\"5px\">O sistema de detec\u00e7\u00e3o de movimento \u00f3ptico lhe permitir\u00e1 mover o cursor de uma forma mais precisa e sens\u00edvel do que os sistemas tradicionais.<\/h3>\n<h3 class=\"thin-font\" data-padding=\"5px\"><\/h3>\n<h3 class=\"thin-font\" data-padding=\"5px\">Adequado para f\u00e1cil transporte<\/h3>\n<h3 class=\"thin-font\" data-padding=\"5px\">Navegue rapidamente pelos documentos e sites da web gra\u00e7as ao seu design ultra-fino, ergon\u00f4mico, leve e conveniente para transportar onde voc\u00ea quiser ou viajar.<\/h3>\n","protected":false},"excerpt":{"rendered":"<h3 class=\"thin-font\" data-padding=\"5px\">\u00a0Com o seu Corsair Harpoon RGB encontre o que voc\u00ea est\u00e1 procurando em um \u00fanico dispositivo com a melhor tecnologia.<\/h3>\n","protected":false},"featured_media":7744,"comment_status":"open","ping_status":"closed","template":"","meta":[],"product_cat":[91,92,93,95],"product_tag":[],"class_list":{"0":"post-3378","1":"product","2":"type-product","3":"status-publish","4":"has-post-thumbnail","6":"product_cat-eletronicos","7":"product_cat-gamer","8":"product_cat-mouse-gamer","9":"product_cat-mouses","11":"first","12":"instock","13":"sale","14":"shipping-taxable","15":"purchasable","16":"product-type-simple"},"_links":{"self":[{"href":"https:\/\/americaoff.com\/index.php\/wp-json\/wp\/v2\/product\/3378","targetHints":{"allow":["GET"]}}],"collection":[{"href":"https:\/\/americaoff.com\/index.php\/wp-json\/wp\/v2\/product"}],"about":[{"href":"https:\/\/americaoff.com\/index.php\/wp-json\/wp\/v2\/types\/product"}],"replies":[{"embeddable":true,"href":"https:\/\/americaoff.com\/index.php\/wp-json\/wp\/v2\/comments?post=3378"}],"wp:featuredmedia":[{"embeddable":true,"href":"https:\/\/americaoff.com\/index.php\/wp-json\/wp\/v2\/media\/7744"}],"wp:attachment":[{"href":"https:\/\/americaoff.com\/index.php\/wp-json\/wp\/v2\/media?parent=3378"}],"wp:term":[{"taxonomy":"product_cat","embeddable":true,"href":"https:\/\/americaoff.com\/index.php\/wp-json\/wp\/v2\/product_cat?post=3378"},{"taxonomy":"product_tag","embeddable":true,"href":"https:\/\/americaoff.com\/index.php\/wp-json\/wp\/v2\/product_tag?post=3378"}],"curies":[{"name":"wp","href":"https:\/\/api.w.org\/{rel}","templated":true}]}}