{"id":3384,"date":"2022-12-06T17:05:48","date_gmt":"2022-12-06T17:05:48","guid":{"rendered":"https:\/\/americaoff.com\/?post_type=product&#038;p=3384"},"modified":"2024-11-19T20:32:12","modified_gmt":"2024-11-19T20:32:12","slug":"perfume-top-gun-edicao-limitada-100-ml","status":"publish","type":"product","link":"https:\/\/americaoff.com\/index.php\/product\/perfume-top-gun-edicao-limitada-100-ml\/","title":{"rendered":"Perfume Top Gun Edi\u00e7\u00e3o Limitada 100 Ml"},"content":{"rendered":"<h2 class=\"thin-font\" data-padding=\"5px\">Perfume Top Gun Edi\u00e7\u00e3o Limitada 100 Ml<\/h2>\n<h3 class=\"thin-font\" data-padding=\"5px\">A fragr\u00e2ncia Top Gun Chevron abre grande e ousada com um aroma mentolado e aqu\u00e1tico. Sexy, jovem e divertido para o homem moderno de hoje.<br \/>\nAs notas de cabe\u00e7a frescas d\u00e3o lugar a um come\u00e7o decente<br \/>\n\u00c9 um perfume casual para o dia ou para a noite.<br \/>\nCheiro mais forte e ousado.<br \/>\nEste produto \u00e9 feito de material de alta qualidade<br \/>\nAo aplicar qualquer fragr\u00e2ncia, considere que existem v\u00e1rios fatores que podem afetar o cheiro natural da sua pele<\/h3>\n","protected":false},"excerpt":{"rendered":"<h3 class=\"thin-font\" data-padding=\"5px\">A fragr\u00e2ncia Top Gun Chevron abre grande e ousada com um aroma mentolado e aqu\u00e1tico. Sexy, jovem e divertido para o homem moderno de hoje.<\/h3>\n","protected":false},"featured_media":7747,"comment_status":"open","ping_status":"closed","template":"","meta":[],"product_cat":[66,115,116],"product_tag":[],"class_list":{"0":"post-3384","1":"product","2":"type-product","3":"status-publish","4":"has-post-thumbnail","6":"product_cat-homens","7":"product_cat-perfumes","8":"product_cat-top-gun","10":"first","11":"instock","12":"sale","13":"shipping-taxable","14":"purchasable","15":"product-type-simple"},"_links":{"self":[{"href":"https:\/\/americaoff.com\/index.php\/wp-json\/wp\/v2\/product\/3384","targetHints":{"allow":["GET"]}}],"collection":[{"href":"https:\/\/americaoff.com\/index.php\/wp-json\/wp\/v2\/product"}],"about":[{"href":"https:\/\/americaoff.com\/index.php\/wp-json\/wp\/v2\/types\/product"}],"replies":[{"embeddable":true,"href":"https:\/\/americaoff.com\/index.php\/wp-json\/wp\/v2\/comments?post=3384"}],"wp:featuredmedia":[{"embeddable":true,"href":"https:\/\/americaoff.com\/index.php\/wp-json\/wp\/v2\/media\/7747"}],"wp:attachment":[{"href":"https:\/\/americaoff.com\/index.php\/wp-json\/wp\/v2\/media?parent=3384"}],"wp:term":[{"taxonomy":"product_cat","embeddable":true,"href":"https:\/\/americaoff.com\/index.php\/wp-json\/wp\/v2\/product_cat?post=3384"},{"taxonomy":"product_tag","embeddable":true,"href":"https:\/\/americaoff.com\/index.php\/wp-json\/wp\/v2\/product_tag?post=3384"}],"curies":[{"name":"wp","href":"https:\/\/api.w.org\/{rel}","templated":true}]}}