{"id":3391,"date":"2022-12-08T15:49:11","date_gmt":"2022-12-08T15:49:11","guid":{"rendered":"https:\/\/americaoff.com\/?post_type=product&#038;p=3391"},"modified":"2024-11-19T20:32:12","modified_gmt":"2024-11-19T20:32:12","slug":"perfume-black-is-black-after-dark-nuparfums-edt-m-100ml","status":"publish","type":"product","link":"https:\/\/americaoff.com\/index.php\/product\/perfume-black-is-black-after-dark-nuparfums-edt-m-100ml\/","title":{"rendered":"Perfume Black Is Black After Dark Nuparfums Edt M 100ml"},"content":{"rendered":"<h2 class=\"thin-font\" data-padding=\"5px\">Perfume Black Is Black After Dark Nuparfums Edt M 100ml<\/h2>\n<h3 class=\"thin-font\" data-padding=\"5px\">Lan\u00e7ado pela casa de design de nuparfums<br \/>\nEsta fragr\u00e2ncia masculina tem uma mistura de notas frescas, limpas e arom\u00e1ticas<br \/>\n\u00c9 apropriado para todos os tipos de pele<br \/>\nMant\u00e9m voc\u00ea revigorado o dia todo<br \/>\nAumente a atra\u00e7\u00e3o e a fragr\u00e2ncia agrad\u00e1vel para a pele.<\/h3>\n","protected":false},"excerpt":{"rendered":"<h3 class=\"thin-font\" data-padding=\"5px\">Perfume Black Is Black After Dark com fragr\u00e2ncia masculina tem uma mistura de notas frescas, limpas e arom\u00e1ticas<\/h3>\n","protected":false},"featured_media":7749,"comment_status":"open","ping_status":"closed","template":"","meta":[],"product_cat":[117,66,115],"product_tag":[],"class_list":{"0":"post-3391","1":"product","2":"type-product","3":"status-publish","4":"has-post-thumbnail","6":"product_cat-black-is-black","7":"product_cat-homens","8":"product_cat-perfumes","10":"first","11":"instock","12":"sale","13":"shipping-taxable","14":"purchasable","15":"product-type-simple"},"_links":{"self":[{"href":"https:\/\/americaoff.com\/index.php\/wp-json\/wp\/v2\/product\/3391","targetHints":{"allow":["GET"]}}],"collection":[{"href":"https:\/\/americaoff.com\/index.php\/wp-json\/wp\/v2\/product"}],"about":[{"href":"https:\/\/americaoff.com\/index.php\/wp-json\/wp\/v2\/types\/product"}],"replies":[{"embeddable":true,"href":"https:\/\/americaoff.com\/index.php\/wp-json\/wp\/v2\/comments?post=3391"}],"wp:featuredmedia":[{"embeddable":true,"href":"https:\/\/americaoff.com\/index.php\/wp-json\/wp\/v2\/media\/7749"}],"wp:attachment":[{"href":"https:\/\/americaoff.com\/index.php\/wp-json\/wp\/v2\/media?parent=3391"}],"wp:term":[{"taxonomy":"product_cat","embeddable":true,"href":"https:\/\/americaoff.com\/index.php\/wp-json\/wp\/v2\/product_cat?post=3391"},{"taxonomy":"product_tag","embeddable":true,"href":"https:\/\/americaoff.com\/index.php\/wp-json\/wp\/v2\/product_tag?post=3391"}],"curies":[{"name":"wp","href":"https:\/\/api.w.org\/{rel}","templated":true}]}}