{"id":3401,"date":"2022-12-08T16:05:48","date_gmt":"2022-12-08T16:05:48","guid":{"rendered":"https:\/\/americaoff.com\/?post_type=product&#038;p=3401"},"modified":"2024-11-19T20:32:14","modified_gmt":"2024-11-19T20:32:14","slug":"perfume-black-is-black-aqua-essence-nuparfums-edt-m-100ml","status":"publish","type":"product","link":"https:\/\/americaoff.com\/index.php\/product\/perfume-black-is-black-aqua-essence-nuparfums-edt-m-100ml\/","title":{"rendered":"Perfume Black Is Black Aqua Essence Nuparfums Edt M 100ml"},"content":{"rendered":"<h2 class=\"thin-font\" data-padding=\"5px\">Perfume Black Is Black Aqua Essence Nuparfums Edt M 100ml<\/h2>\n<h3 class=\"thin-font\" data-padding=\"5px\">Uma fragr\u00e2ncia decididamente masculina com notas frescas de bergamota fluindo com notas de cora\u00e7\u00e3o aqu\u00e1ticas que evocam o poder magn\u00e9tico do oceano. Uma gama quente de s\u00e2ndalo e fava tonka real\u00e7a uma secagem sensual.<br \/>\nFragr\u00e2ncia refrescante, oriental e amadeirada deixa voc\u00ea se sentindo fresco e confiante Ideal para uma variedade de ocasi\u00f5es. Uma fragr\u00e2ncia que tem sido amplamente aceita \u00c9 leve, refrescante e pode ser aplicada com frequ\u00eancia, fragr\u00e2ncia para durar mais tempo<\/h3>\n","protected":false},"excerpt":{"rendered":"<h3 class=\"thin-font\" data-padding=\"5px\">Perfume Black Is Black Aqua Essence \u00e9\u00a0leve, refrescante e pode ser aplicada com frequ\u00eancia, fragr\u00e2ncia para durar mais tempo<\/h3>\n","protected":false},"featured_media":7751,"comment_status":"open","ping_status":"closed","template":"","meta":[],"product_cat":[117,66,115],"product_tag":[],"class_list":{"0":"post-3401","1":"product","2":"type-product","3":"status-publish","4":"has-post-thumbnail","6":"product_cat-black-is-black","7":"product_cat-homens","8":"product_cat-perfumes","10":"first","11":"instock","12":"sale","13":"shipping-taxable","14":"purchasable","15":"product-type-simple"},"_links":{"self":[{"href":"https:\/\/americaoff.com\/index.php\/wp-json\/wp\/v2\/product\/3401","targetHints":{"allow":["GET"]}}],"collection":[{"href":"https:\/\/americaoff.com\/index.php\/wp-json\/wp\/v2\/product"}],"about":[{"href":"https:\/\/americaoff.com\/index.php\/wp-json\/wp\/v2\/types\/product"}],"replies":[{"embeddable":true,"href":"https:\/\/americaoff.com\/index.php\/wp-json\/wp\/v2\/comments?post=3401"}],"wp:featuredmedia":[{"embeddable":true,"href":"https:\/\/americaoff.com\/index.php\/wp-json\/wp\/v2\/media\/7751"}],"wp:attachment":[{"href":"https:\/\/americaoff.com\/index.php\/wp-json\/wp\/v2\/media?parent=3401"}],"wp:term":[{"taxonomy":"product_cat","embeddable":true,"href":"https:\/\/americaoff.com\/index.php\/wp-json\/wp\/v2\/product_cat?post=3401"},{"taxonomy":"product_tag","embeddable":true,"href":"https:\/\/americaoff.com\/index.php\/wp-json\/wp\/v2\/product_tag?post=3401"}],"curies":[{"name":"wp","href":"https:\/\/api.w.org\/{rel}","templated":true}]}}