{"id":3488,"date":"2022-12-21T09:48:12","date_gmt":"2022-12-21T09:48:12","guid":{"rendered":"https:\/\/americaoff.com\/?post_type=product&#038;p=3488"},"modified":"2024-11-19T20:32:14","modified_gmt":"2024-11-19T20:32:14","slug":"caixa-de-musica-porta-joias-frozen-original","status":"publish","type":"product","link":"https:\/\/americaoff.com\/index.php\/product\/caixa-de-musica-porta-joias-frozen-original\/","title":{"rendered":"Caixa De M\u00fasica Porta J\u00f3ias Frozen Original"},"content":{"rendered":"<h2 class=\"thin-font\" data-padding=\"5px\">Caixa De M\u00fasica Porta J\u00f3ias Frozen Original<\/h2>\n<h3 class=\"thin-font\" data-padding=\"5px\">CAIXA DE M\u00daSICA &#8221; FROZEN&#8221; COM PORTA J\u00d3IAS &#8211; MELODIA \u201cWhen We\u2019re Together\u201d .<\/h3>\n<h3 class=\"thin-font\" data-padding=\"5px\">Pressionando o bot\u00e3o, a Elsa e Ana se movem em dire\u00e7\u00e3o ao Olaf e reproduz a melodia. Maravilhoso!!!<\/h3>\n<h3 class=\"thin-font\" data-padding=\"5px\">Experimente a magia da Disney&#8217;s Olaf&#8217;s Frozen Adventure enquanto Anna e Elsa ganham vida com esta caixa de joias musical enquanto descobrem suas tradi\u00e7\u00f5es familiares com Olaf! A caixa de joias traz o dueto \u201cWhen We&#8217;re Together\u201d e vem com um anel colecion\u00e1vel para voc\u00ea. Voc\u00ea tamb\u00e9m pode armazenar suas outras joias Frozen favoritas dentro!<\/h3>\n<h3 class=\"thin-font\" data-padding=\"5px\">&nbsp;Anna e Elsa se movem ao som da m\u00fasica \u201cWhen We\u2019re Together\u201d<\/h3>\n<h3 class=\"thin-font\" data-padding=\"5px\">&nbsp;Belos detalhes esculpidos na caixa de joias<\/h3>\n<h3 class=\"thin-font\" data-padding=\"5px\">Inclui anel colecion\u00e1vel para voc\u00ea!<\/h3>\n<h3 class=\"thin-font\" data-padding=\"5px\">Gaveta para armazenamento<\/h3>\n<h3 class=\"thin-font\" data-padding=\"5px\">Inclui 3 pilhas AAA<\/h3>\n<h3 class=\"thin-font\" data-padding=\"5px\">Recomendado para maiores de 3 anos<\/h3>\n","protected":false},"excerpt":{"rendered":"<h3 class=\"thin-font\" data-padding=\"5px\">Experimente a magia da Disney&#8217;s Olaf&#8217;s Frozen Adventure enquanto Anna e Elsa ganham vida com este porta joias musical, enquanto descobrem suas tradi\u00e7\u00f5es familiares com Olaf!<\/h3>\n","protected":false},"featured_media":7754,"comment_status":"open","ping_status":"closed","template":"","meta":[],"product_cat":[98,89],"product_tag":[],"class_list":{"0":"post-3488","1":"product","2":"type-product","3":"status-publish","4":"has-post-thumbnail","6":"product_cat-brinquedos","7":"product_cat-lazer-e-diversao","9":"first","10":"instock","11":"sale","12":"shipping-taxable","13":"purchasable","14":"product-type-simple"},"_links":{"self":[{"href":"https:\/\/americaoff.com\/index.php\/wp-json\/wp\/v2\/product\/3488","targetHints":{"allow":["GET"]}}],"collection":[{"href":"https:\/\/americaoff.com\/index.php\/wp-json\/wp\/v2\/product"}],"about":[{"href":"https:\/\/americaoff.com\/index.php\/wp-json\/wp\/v2\/types\/product"}],"replies":[{"embeddable":true,"href":"https:\/\/americaoff.com\/index.php\/wp-json\/wp\/v2\/comments?post=3488"}],"wp:featuredmedia":[{"embeddable":true,"href":"https:\/\/americaoff.com\/index.php\/wp-json\/wp\/v2\/media\/7754"}],"wp:attachment":[{"href":"https:\/\/americaoff.com\/index.php\/wp-json\/wp\/v2\/media?parent=3488"}],"wp:term":[{"taxonomy":"product_cat","embeddable":true,"href":"https:\/\/americaoff.com\/index.php\/wp-json\/wp\/v2\/product_cat?post=3488"},{"taxonomy":"product_tag","embeddable":true,"href":"https:\/\/americaoff.com\/index.php\/wp-json\/wp\/v2\/product_tag?post=3488"}],"curies":[{"name":"wp","href":"https:\/\/api.w.org\/{rel}","templated":true}]}}