{"id":3494,"date":"2022-12-21T10:00:24","date_gmt":"2022-12-21T10:00:24","guid":{"rendered":"https:\/\/americaoff.com\/?post_type=product&#038;p=3494"},"modified":"2024-11-19T20:32:14","modified_gmt":"2024-11-19T20:32:14","slug":"kit-reparo-pneu-bike-remendo-chaves-ferramentas-bicicleta","status":"publish","type":"product","link":"https:\/\/americaoff.com\/index.php\/product\/kit-reparo-pneu-bike-remendo-chaves-ferramentas-bicicleta\/","title":{"rendered":"Kit Reparo Pneu Bike Remendo Chaves Ferramentas Bicicleta"},"content":{"rendered":"<h2 class=\"thin-font\" data-padding=\"5px\">Kit Reparo Pneu Bike Remendo Chaves Ferramentas Bicicleta<\/h2>\n<h3 class=\"thin-font\" data-padding=\"5px\">Kit de ferramentas de bicicleta da Huffy Recursos: o novo Huffy ajuda voc\u00ea a se preparar com suas ferramentas b\u00e1sicas para andar de bicicleta.<\/h3>\n<h3 class=\"thin-font\" data-padding=\"5px\">O design compacto deste kit de ferramentas garante que seja \u00fatil para uso dom\u00e9stico ou para qualquer aventura de ciclismo.<\/h3>\n<h3 class=\"thin-font\" data-padding=\"5px\">Ele vem em um recipiente de casca dura dur\u00e1vel que Al\u00e9m disso, h\u00e1 uma al\u00e7a que pode ser usada para este kit inclui os seguintes itens:<\/h3>\n<h3 class=\"thin-font\" data-padding=\"5px\">Duas alavancas de pneu e uma chave de osso. Isso cobre as ferramentas b\u00e1sicas necess\u00e1rias para ajustes f\u00e1ceis de deslocamento ou aperto de parafusos comuns.<\/h3>\n<h3 class=\"thin-font\" data-padding=\"5px\">Bombeie um pneu furado com a bomba manual compacta.<\/h3>\n<h3 class=\"thin-font\" data-padding=\"5px\">Use a ferramenta de corrente de Huffy para consertar rapidamente uma corrente quebrada sem carregar ferramentas pesadas na estrada ou trilha.<\/h3>\n<h3 class=\"thin-font\" data-padding=\"5px\">Duas inser\u00e7\u00f5es de alavanca de pneu abaixo do tal\u00e3o do pneu facilitam a remo\u00e7\u00e3o mesmo de pneus apertados.<\/h3>\n<h3 class=\"thin-font\" data-padding=\"5px\">Al\u00e9m disso, a chave de osso \u00e9 uma ferramenta de reparo especialmente \u00fatil para os entusiastas do ciclismo.<\/h3>\n<h3 class=\"thin-font\" data-padding=\"5px\"><\/h3>\n<h3 class=\"thin-font\" data-padding=\"5px\">Saco do kit multi-ferramenta Huffy Bike:<\/h3>\n<h3 class=\"thin-font\" data-padding=\"5px\">Descri\u00e7\u00e3o: O kit de repara\u00e7\u00e3o de bicicletas da Huffy cobre as suas necessidades b\u00e1sicas de ciclismo.<\/h3>\n<h3 class=\"thin-font\" data-padding=\"5px\">Inclui: conjunto de reparo multiferramenta, bomba manual, ferramenta de corrente, chave de osso e duas alavancas de pneu.<\/h3>\n<h3 class=\"thin-font\" data-padding=\"5px\">Caracter\u00edsticas: O recipiente r\u00edgido dur\u00e1vel mant\u00e9m seu equipamento com seguran\u00e7a.<\/h3>\n<h3 class=\"thin-font\" data-padding=\"5px\">Fixa\u00e7\u00e3o: A al\u00e7a pode prender esta bolsa \u00e0 sua bicicleta.<\/h3>\n","protected":false},"excerpt":{"rendered":"<h3 class=\"thin-font\" data-padding=\"5px\">Tenha sempre seu kit de raparos e tenha um passeio de bike tranquilo e n\u00e3o fique de fora por causa de reparos.<\/h3>\n","protected":false},"featured_media":7758,"comment_status":"open","ping_status":"closed","template":"","meta":[],"product_cat":[112,71,96],"product_tag":[],"class_list":{"0":"post-3494","1":"product","2":"type-product","3":"status-publish","4":"has-post-thumbnail","6":"product_cat-acessorios-bike","7":"product_cat-bicicleta","8":"product_cat-esporte","10":"first","11":"instock","12":"sale","13":"shipping-taxable","14":"purchasable","15":"product-type-simple"},"_links":{"self":[{"href":"https:\/\/americaoff.com\/index.php\/wp-json\/wp\/v2\/product\/3494","targetHints":{"allow":["GET"]}}],"collection":[{"href":"https:\/\/americaoff.com\/index.php\/wp-json\/wp\/v2\/product"}],"about":[{"href":"https:\/\/americaoff.com\/index.php\/wp-json\/wp\/v2\/types\/product"}],"replies":[{"embeddable":true,"href":"https:\/\/americaoff.com\/index.php\/wp-json\/wp\/v2\/comments?post=3494"}],"wp:featuredmedia":[{"embeddable":true,"href":"https:\/\/americaoff.com\/index.php\/wp-json\/wp\/v2\/media\/7758"}],"wp:attachment":[{"href":"https:\/\/americaoff.com\/index.php\/wp-json\/wp\/v2\/media?parent=3494"}],"wp:term":[{"taxonomy":"product_cat","embeddable":true,"href":"https:\/\/americaoff.com\/index.php\/wp-json\/wp\/v2\/product_cat?post=3494"},{"taxonomy":"product_tag","embeddable":true,"href":"https:\/\/americaoff.com\/index.php\/wp-json\/wp\/v2\/product_tag?post=3494"}],"curies":[{"name":"wp","href":"https:\/\/api.w.org\/{rel}","templated":true}]}}