{"id":3500,"date":"2022-12-21T10:25:38","date_gmt":"2022-12-21T10:25:38","guid":{"rendered":"https:\/\/americaoff.com\/?post_type=product&#038;p=3500"},"modified":"2024-11-19T20:32:14","modified_gmt":"2024-11-19T20:32:14","slug":"bolsa-de-selim-para-bike-traseiro-zefal-deluxe-seat-bag","status":"publish","type":"product","link":"https:\/\/americaoff.com\/index.php\/product\/bolsa-de-selim-para-bike-traseiro-zefal-deluxe-seat-bag\/","title":{"rendered":"Bolsa De Selim Para Bike Traseiro Z\u00e9fal Deluxe Seat Bag"},"content":{"rendered":"<h2 class=\"thin-font\" data-padding=\"5px\">Bolsa De Selim Para Bike Traseiro Z\u00e9fal Deluxe Seat Bag<\/h2>\n<h3 class=\"thin-font\" data-padding=\"5px\">Zefal Deluxe Seat Bike Bag &#8211; Voc\u00ea est\u00e1 cansado da qualidade padr\u00e3o? Bem, agora voc\u00ea pode ter materiais e constru\u00e7\u00e3o de qualidade premium a um pre\u00e7o econ\u00f4mico.<br \/>\nA bolsa de assento de bicicleta Deluxe \u00e9 ideal para carregar um tubo sobressalente, alavancas de pneus, multiferramentas, chave e algum dinheiro extra em seu passeio di\u00e1rio.<br \/>\nSeus tecidos premium resistentes \u00e0s intemp\u00e9ries garantem sua durabilidade.<br \/>\nPossui tiras r\u00e1pidas de velcro que facilitam a retirada da bolsa quando necess\u00e1rio.<br \/>\n\u00c9 hora de ir para o luxo e aproveitar o passeio.<\/h3>\n","protected":false},"excerpt":{"rendered":"<h3 class=\"thin-font\" data-padding=\"5px\">Zefal Deluxe Seat Bike Bag &#8211; Voc\u00ea est\u00e1 cansado da qualidade padr\u00e3o? Bem, agora voc\u00ea pode ter materiais e constru\u00e7\u00e3o de qualidade premium a um pre\u00e7o econ\u00f4mico.<\/h3>\n","protected":false},"featured_media":7762,"comment_status":"open","ping_status":"closed","template":"","meta":[],"product_cat":[112,71,96],"product_tag":[],"class_list":{"0":"post-3500","1":"product","2":"type-product","3":"status-publish","4":"has-post-thumbnail","6":"product_cat-acessorios-bike","7":"product_cat-bicicleta","8":"product_cat-esporte","10":"first","11":"instock","12":"sale","13":"shipping-taxable","14":"purchasable","15":"product-type-simple"},"_links":{"self":[{"href":"https:\/\/americaoff.com\/index.php\/wp-json\/wp\/v2\/product\/3500","targetHints":{"allow":["GET"]}}],"collection":[{"href":"https:\/\/americaoff.com\/index.php\/wp-json\/wp\/v2\/product"}],"about":[{"href":"https:\/\/americaoff.com\/index.php\/wp-json\/wp\/v2\/types\/product"}],"replies":[{"embeddable":true,"href":"https:\/\/americaoff.com\/index.php\/wp-json\/wp\/v2\/comments?post=3500"}],"wp:featuredmedia":[{"embeddable":true,"href":"https:\/\/americaoff.com\/index.php\/wp-json\/wp\/v2\/media\/7762"}],"wp:attachment":[{"href":"https:\/\/americaoff.com\/index.php\/wp-json\/wp\/v2\/media?parent=3500"}],"wp:term":[{"taxonomy":"product_cat","embeddable":true,"href":"https:\/\/americaoff.com\/index.php\/wp-json\/wp\/v2\/product_cat?post=3500"},{"taxonomy":"product_tag","embeddable":true,"href":"https:\/\/americaoff.com\/index.php\/wp-json\/wp\/v2\/product_tag?post=3500"}],"curies":[{"name":"wp","href":"https:\/\/api.w.org\/{rel}","templated":true}]}}