{"id":3503,"date":"2022-12-21T10:33:59","date_gmt":"2022-12-21T10:33:59","guid":{"rendered":"https:\/\/americaoff.com\/?post_type=product&#038;p=3503"},"modified":"2024-11-19T20:32:14","modified_gmt":"2024-11-19T20:32:14","slug":"suporte-para-copos-e-garrafas-para-bicicleta-delta","status":"publish","type":"product","link":"https:\/\/americaoff.com\/index.php\/product\/suporte-para-copos-e-garrafas-para-bicicleta-delta\/","title":{"rendered":"Suporte Para Copos E Garrafas Para Bicicleta Delta"},"content":{"rendered":"<h2 class=\"thin-font\" data-padding=\"5px\">Suporte Para Copos E Garrafas Para Bicicleta Delta<\/h2>\n<h3 class=\"thin-font\" data-padding=\"5px\">Projetado para versatilidade :: De pequenas x\u00edcaras de caf\u00e9 a garrafas de \u00e1gua maiores, nosso porta-copos de bicicleta se flexiona para caber em recipientes de bebidas de quase todos os tamanhos. Dispon\u00edvel em preto, azul e vermelho, eles tamb\u00e9m s\u00e3o \u00f3timos como porta-copos de bicicleta para Yeti e Hydroflask.<br \/>\nAder\u00eancia Segura :: Gra\u00e7as \u00e0s almofadas de borracha integradas, nosso porta-copos de caf\u00e9 para bicicleta mant\u00e9m as bebidas seguras no lugar em terrenos acidentados. Quando voc\u00ea estiver pronto para se hidratar, o design elegante oferece f\u00e1cil entrada e sa\u00edda para conveni\u00eancia r\u00e1pida.<br \/>\nF\u00e1cil instala\u00e7\u00e3o :: Apresentando um parafuso de polegar integrado, nosso cruzador de guid\u00e3o para porta-copos de bicicleta fornece uma configura\u00e7\u00e3o r\u00e1pida e sem ferramentas. \u00d3timo para bicicletas e carrinhos, os cal\u00e7os de montagem para uma fixa\u00e7\u00e3o firme em barras redondas de at\u00e9 31,8 mm de di\u00e2metro.<br \/>\nDurabilidade confi\u00e1vel :: Feito com termopl\u00e1stico moldado com precis\u00e3o e hardware inoxid\u00e1vel, nosso porta-copos para bicicletas oferece resist\u00eancia incompar\u00e1vel. Projetado nos EUA, \u00e9 altamente acess\u00edvel sem sacrificar a qualidade.<br \/>\n.<\/h3>\n","protected":false},"excerpt":{"rendered":"<h3 class=\"thin-font\" data-padding=\"5px\">Suporte feito com termopl\u00e1stico moldado com precis\u00e3o e hardware inoxid\u00e1vel, nosso porta-copos para bicicletas oferece resist\u00eancia incompar\u00e1vel.<\/h3>\n","protected":false},"featured_media":7764,"comment_status":"open","ping_status":"closed","template":"","meta":[],"product_cat":[112,71,96],"product_tag":[],"class_list":{"0":"post-3503","1":"product","2":"type-product","3":"status-publish","4":"has-post-thumbnail","6":"product_cat-acessorios-bike","7":"product_cat-bicicleta","8":"product_cat-esporte","10":"first","11":"instock","12":"sale","13":"shipping-taxable","14":"purchasable","15":"product-type-simple"},"_links":{"self":[{"href":"https:\/\/americaoff.com\/index.php\/wp-json\/wp\/v2\/product\/3503","targetHints":{"allow":["GET"]}}],"collection":[{"href":"https:\/\/americaoff.com\/index.php\/wp-json\/wp\/v2\/product"}],"about":[{"href":"https:\/\/americaoff.com\/index.php\/wp-json\/wp\/v2\/types\/product"}],"replies":[{"embeddable":true,"href":"https:\/\/americaoff.com\/index.php\/wp-json\/wp\/v2\/comments?post=3503"}],"wp:featuredmedia":[{"embeddable":true,"href":"https:\/\/americaoff.com\/index.php\/wp-json\/wp\/v2\/media\/7764"}],"wp:attachment":[{"href":"https:\/\/americaoff.com\/index.php\/wp-json\/wp\/v2\/media?parent=3503"}],"wp:term":[{"taxonomy":"product_cat","embeddable":true,"href":"https:\/\/americaoff.com\/index.php\/wp-json\/wp\/v2\/product_cat?post=3503"},{"taxonomy":"product_tag","embeddable":true,"href":"https:\/\/americaoff.com\/index.php\/wp-json\/wp\/v2\/product_tag?post=3503"}],"curies":[{"name":"wp","href":"https:\/\/api.w.org\/{rel}","templated":true}]}}