{"id":3509,"date":"2022-12-21T10:50:15","date_gmt":"2022-12-21T10:50:15","guid":{"rendered":"https:\/\/americaoff.com\/?post_type=product&#038;p=3509"},"modified":"2024-11-19T20:32:14","modified_gmt":"2024-11-19T20:32:14","slug":"bolsa-termica-para-guidao-bike-com-suporte-smartphone-huffy","status":"publish","type":"product","link":"https:\/\/americaoff.com\/index.php\/product\/bolsa-termica-para-guidao-bike-com-suporte-smartphone-huffy\/","title":{"rendered":"Bolsa T\u00e9rmica Para Guid\u00e3o Bike Com Suporte Smartphone Huffy"},"content":{"rendered":"<h2 class=\"thin-font\" data-padding=\"5px\">Bolsa T\u00e9rmica Para Guid\u00e3o Bike Com Suporte Smartphone Huffy<\/h2>\n<h3 class=\"thin-font\" data-padding=\"5px\">Mantenha-se nutrido e hidratado durante um passeio com o Huffy Handlebar Cooler Bag com bolso para smartphone.<\/h3>\n<h3 class=\"thin-font\" data-padding=\"5px\">\u00c9 feito de um material resistente \u00e0 \u00e1gua de alta qualidade em uma cor preta neutra.<\/h3>\n<h3 class=\"thin-font\" data-padding=\"5px\">Esta bolsa t\u00e9rmica de lado macio apresenta um interior isolado com um z\u00edper para facilitar o fechamento.<\/h3>\n<h3 class=\"thin-font\" data-padding=\"5px\">Ele tamb\u00e9m tem dois bolsos externos de malha para uma garrafa de \u00e1gua e um bolso para smartphone para transporte seguro e acesso conveniente.<\/h3>\n<h3 class=\"thin-font\" data-padding=\"5px\">Al\u00e9m disso, as al\u00e7as ajust\u00e1veis permitem prend\u00ea-lo \u00e0 maioria dos tipos de bicicletas para uso com as m\u00e3os livres.<\/h3>\n<h3 class=\"thin-font\" data-padding=\"5px\">&nbsp;\u00c9 r\u00e1pido e f\u00e1cil de colocar em uma bicicleta.<\/h3>\n<h3 class=\"thin-font\" data-padding=\"5px\"><\/h3>\n<h3 class=\"thin-font\" data-padding=\"5px\">Bolsa t\u00e9rmica para guid\u00e3o Huffy com bolso para smartphone:<\/h3>\n<h3 class=\"thin-font\" data-padding=\"5px\">refrigerador isolado<\/h3>\n<h3 class=\"thin-font\" data-padding=\"5px\">suporte para smartphone<\/h3>\n<h3 class=\"thin-font\" data-padding=\"5px\">Tela sens\u00edvel ao toque ativada<\/h3>\n<h3 class=\"thin-font\" data-padding=\"5px\">El\u00e1stico nas laterais<\/h3>\n<h3 class=\"thin-font\" data-padding=\"5px\">Resistente \u00e0 \u00e1gua<\/h3>\n<h3 class=\"thin-font\" data-padding=\"5px\">F\u00e1cil de instalar<\/h3>\n<h3 class=\"thin-font\" data-padding=\"5px\">Bolsa de guid\u00e3o Huffy com al\u00e7as ajust\u00e1veis<\/h3>\n","protected":false},"excerpt":{"rendered":"<h3 class=\"thin-font\" data-padding=\"5px\">Mantenha-se nutrido e hidratado durante um passeio com o Huffy Handlebar Cooler Bag com bolso para smartphone.<\/h3>\n","protected":false},"featured_media":7767,"comment_status":"open","ping_status":"closed","template":"","meta":[],"product_cat":[112,71,96],"product_tag":[],"class_list":{"0":"post-3509","1":"product","2":"type-product","3":"status-publish","4":"has-post-thumbnail","6":"product_cat-acessorios-bike","7":"product_cat-bicicleta","8":"product_cat-esporte","10":"first","11":"instock","12":"sale","13":"shipping-taxable","14":"purchasable","15":"product-type-simple"},"_links":{"self":[{"href":"https:\/\/americaoff.com\/index.php\/wp-json\/wp\/v2\/product\/3509","targetHints":{"allow":["GET"]}}],"collection":[{"href":"https:\/\/americaoff.com\/index.php\/wp-json\/wp\/v2\/product"}],"about":[{"href":"https:\/\/americaoff.com\/index.php\/wp-json\/wp\/v2\/types\/product"}],"replies":[{"embeddable":true,"href":"https:\/\/americaoff.com\/index.php\/wp-json\/wp\/v2\/comments?post=3509"}],"wp:featuredmedia":[{"embeddable":true,"href":"https:\/\/americaoff.com\/index.php\/wp-json\/wp\/v2\/media\/7767"}],"wp:attachment":[{"href":"https:\/\/americaoff.com\/index.php\/wp-json\/wp\/v2\/media?parent=3509"}],"wp:term":[{"taxonomy":"product_cat","embeddable":true,"href":"https:\/\/americaoff.com\/index.php\/wp-json\/wp\/v2\/product_cat?post=3509"},{"taxonomy":"product_tag","embeddable":true,"href":"https:\/\/americaoff.com\/index.php\/wp-json\/wp\/v2\/product_tag?post=3509"}],"curies":[{"name":"wp","href":"https:\/\/api.w.org\/{rel}","templated":true}]}}