{"id":3512,"date":"2022-12-21T10:54:20","date_gmt":"2022-12-21T10:54:20","guid":{"rendered":"https:\/\/americaoff.com\/?post_type=product&#038;p=3512"},"modified":"2024-11-19T20:32:15","modified_gmt":"2024-11-19T20:32:15","slug":"suporte-porta-celular-gps-guidao-bike-moto-huffy","status":"publish","type":"product","link":"https:\/\/americaoff.com\/index.php\/product\/suporte-porta-celular-gps-guidao-bike-moto-huffy\/","title":{"rendered":"Suporte Porta Celular Gps Guid\u00e3o Bike Moto Huffy"},"content":{"rendered":"<h2 class=\"thin-font\" data-padding=\"5px\">Suporte Porta Celular Gps Guid\u00e3o Bike Moto Huffy<\/h2>\n<h3 class=\"thin-font\" data-padding=\"5px\">O suporte para telefone de bicicleta foi projetado para manter seu smartphone seguro enquanto pedala.<br \/>\nMaterial flex\u00edvel: o material de resina dur\u00e1vel e leve se flexiona para acomodar a maioria dos tamanhos de smartphones.<br \/>\nF\u00e1cil instala\u00e7\u00e3o: f\u00e1cil de instalar usando uma chave Phillips.<br \/>\nHardware de montagem inclu\u00eddo: inclui hardware de montagem que se encaixa na maioria dos guid\u00f5es de bicicleta.<br \/>\nVisualiza\u00e7\u00e3o vertical e horizontal: gire a posi\u00e7\u00e3o do smartphone para tela vertical ou horizontal.<\/h3>\n","protected":false},"excerpt":{"rendered":"<h3 class=\"thin-font\" data-padding=\"5px\">O suporte para telefone de bicicleta foi projetado para manter seu smartphone seguro enquanto pedala.<\/h3>\n","protected":false},"featured_media":7770,"comment_status":"open","ping_status":"closed","template":"","meta":[],"product_cat":[112,71,96],"product_tag":[],"class_list":{"0":"post-3512","1":"product","2":"type-product","3":"status-publish","4":"has-post-thumbnail","6":"product_cat-acessorios-bike","7":"product_cat-bicicleta","8":"product_cat-esporte","10":"first","11":"instock","12":"sale","13":"shipping-taxable","14":"purchasable","15":"product-type-simple"},"_links":{"self":[{"href":"https:\/\/americaoff.com\/index.php\/wp-json\/wp\/v2\/product\/3512","targetHints":{"allow":["GET"]}}],"collection":[{"href":"https:\/\/americaoff.com\/index.php\/wp-json\/wp\/v2\/product"}],"about":[{"href":"https:\/\/americaoff.com\/index.php\/wp-json\/wp\/v2\/types\/product"}],"replies":[{"embeddable":true,"href":"https:\/\/americaoff.com\/index.php\/wp-json\/wp\/v2\/comments?post=3512"}],"wp:featuredmedia":[{"embeddable":true,"href":"https:\/\/americaoff.com\/index.php\/wp-json\/wp\/v2\/media\/7770"}],"wp:attachment":[{"href":"https:\/\/americaoff.com\/index.php\/wp-json\/wp\/v2\/media?parent=3512"}],"wp:term":[{"taxonomy":"product_cat","embeddable":true,"href":"https:\/\/americaoff.com\/index.php\/wp-json\/wp\/v2\/product_cat?post=3512"},{"taxonomy":"product_tag","embeddable":true,"href":"https:\/\/americaoff.com\/index.php\/wp-json\/wp\/v2\/product_tag?post=3512"}],"curies":[{"name":"wp","href":"https:\/\/api.w.org\/{rel}","templated":true}]}}