{"id":3515,"date":"2022-12-21T11:04:34","date_gmt":"2022-12-21T11:04:34","guid":{"rendered":"https:\/\/americaoff.com\/?post_type=product&#038;p=3515"},"modified":"2024-11-19T20:32:15","modified_gmt":"2024-11-19T20:32:15","slug":"bolsa-smart-porta-celular-ou-documentos-para-quadro-bike-zefal","status":"publish","type":"product","link":"https:\/\/americaoff.com\/index.php\/product\/bolsa-smart-porta-celular-ou-documentos-para-quadro-bike-zefal\/","title":{"rendered":"Bolsa Smart Porta Celular ou documentos para Quadro Bike Zefal"},"content":{"rendered":"<h2 class=\"thin-font\" data-padding=\"5px\">Bolsa Smart Porta Celular ou documentos para Quadro Bike Zefal<\/h2>\n<h3 class=\"thin-font\" data-padding=\"5px\">Muito espa\u00e7o de armazenamento para comida, kit de reparo plano, etc&#8230; bolsas de tamanho grande com z\u00edper em ambos os lados.<\/h3>\n<h3 class=\"thin-font\" data-padding=\"5px\">\u00d3timo para armazenamento de ciclismo de estrada de longa dist\u00e2ncia ou aventuras de pedaladas estendidas na floresta em uma mountain bike. Esteja preparado.<\/h3>\n<h3 class=\"thin-font\" data-padding=\"5px\">Al\u00e9m da capacidade, outro ponto \u00e9 o bolso para celular, protegendo sem smartphone e usando como gps, enfim, v\u00e1rias utilidades.<\/h3>\n","protected":false},"excerpt":{"rendered":"<h3 class=\"thin-font\" data-padding=\"5px\">Bolsa Smart Porta Celular ideal para armazenamento de ciclismo de estrada de longa dist\u00e2ncia ou aventuras de pedaladas. Esteja preparado.<\/h3>\n","protected":false},"featured_media":7773,"comment_status":"open","ping_status":"closed","template":"","meta":[],"product_cat":[112,71,96],"product_tag":[],"class_list":{"0":"post-3515","1":"product","2":"type-product","3":"status-publish","4":"has-post-thumbnail","6":"product_cat-acessorios-bike","7":"product_cat-bicicleta","8":"product_cat-esporte","10":"first","11":"instock","12":"sale","13":"shipping-taxable","14":"purchasable","15":"product-type-simple"},"_links":{"self":[{"href":"https:\/\/americaoff.com\/index.php\/wp-json\/wp\/v2\/product\/3515","targetHints":{"allow":["GET"]}}],"collection":[{"href":"https:\/\/americaoff.com\/index.php\/wp-json\/wp\/v2\/product"}],"about":[{"href":"https:\/\/americaoff.com\/index.php\/wp-json\/wp\/v2\/types\/product"}],"replies":[{"embeddable":true,"href":"https:\/\/americaoff.com\/index.php\/wp-json\/wp\/v2\/comments?post=3515"}],"wp:featuredmedia":[{"embeddable":true,"href":"https:\/\/americaoff.com\/index.php\/wp-json\/wp\/v2\/media\/7773"}],"wp:attachment":[{"href":"https:\/\/americaoff.com\/index.php\/wp-json\/wp\/v2\/media?parent=3515"}],"wp:term":[{"taxonomy":"product_cat","embeddable":true,"href":"https:\/\/americaoff.com\/index.php\/wp-json\/wp\/v2\/product_cat?post=3515"},{"taxonomy":"product_tag","embeddable":true,"href":"https:\/\/americaoff.com\/index.php\/wp-json\/wp\/v2\/product_tag?post=3515"}],"curies":[{"name":"wp","href":"https:\/\/api.w.org\/{rel}","templated":true}]}}