{"id":3518,"date":"2022-12-21T11:09:29","date_gmt":"2022-12-21T11:09:29","guid":{"rendered":"https:\/\/americaoff.com\/?post_type=product&#038;p=3518"},"modified":"2024-11-19T20:32:15","modified_gmt":"2024-11-19T20:32:15","slug":"kit-de-ferramentas-para-bike-elleven-9-funcoes-em-1","status":"publish","type":"product","link":"https:\/\/americaoff.com\/index.php\/product\/kit-de-ferramentas-para-bike-elleven-9-funcoes-em-1\/","title":{"rendered":"Kit De Ferramentas Para Bike Elleven 9 Func\u00f5es Em 1"},"content":{"rendered":"<h2 class=\"thin-font\" data-padding=\"5px\">Kit De Ferramentas Para Bike Elleven 9 Func\u00f5es Em 1<\/h2>\n<h3 class=\"thin-font\" data-padding=\"5px\">A multiferramenta Bike Shop Route-9 tem um design compacto simples e funcional. Possui 9 ferramentas b\u00e1sicas para apertos e ajustes essenciais.<\/h3>\n<h3 class=\"thin-font\" data-padding=\"5px\">A Multi-ferramenta inclui 7 tamanhos de cabe\u00e7as Allen, uma chave de fenda Phillips e uma broca T-25 Torn para os parafusos dif\u00edceis de encaixar nos freios a disco.<\/h3>\n<h3 class=\"thin-font\" data-padding=\"5px\">&nbsp;A arma\u00e7\u00e3o de metal fornece uma al\u00e7a s\u00f3lida para quando \u00e9 necess\u00e1rio um pouco mais de torque.<\/h3>\n<h3 class=\"thin-font\" data-padding=\"5px\">Esta multiferramenta cabe facilmente no seu alforje ou bolso.<\/h3>\n<h3 class=\"thin-font\" data-padding=\"5px\">A bolsa inclu\u00edda possui um velcro mais pr\u00f3ximo para manter a ferramenta no lugar e uma parte traseira em loop que permite que voc\u00ea use a ferramenta m\u00faltipla em seu cinto ou prenda-a a outro equipamento que possa ter com voc\u00ea.<\/h3>\n<h3 class=\"thin-font\" data-padding=\"5px\"><\/h3>\n<h3 class=\"thin-font\" data-padding=\"5px\">Bike Shop Route-9 multiferramenta com bolsa<\/h3>\n<h3 class=\"thin-font\" data-padding=\"5px\"><\/h3>\n<h3 class=\"thin-font\" data-padding=\"5px\">Constru\u00e7\u00e3o dur\u00e1vel e leve<\/h3>\n<h3 class=\"thin-font\" data-padding=\"5px\">Design dobr\u00e1vel em prata e preto<\/h3>\n<h3 class=\"thin-font\" data-padding=\"5px\">Chaves sextavadas 2, 2,5, 3, 4, 5, 6, 8 mm<\/h3>\n<h3 class=\"thin-font\" data-padding=\"5px\">T25 Torx Bit<\/h3>\n<h3 class=\"thin-font\" data-padding=\"5px\">Cabe\u00e7a Phillips PH2<\/h3>\n","protected":false},"excerpt":{"rendered":"<h3 class=\"thin-font\" data-padding=\"5px\">A multiferramenta Bike Shop Route-9 tem um design compacto simples e funcional. Possui 9 ferramentas b\u00e1sicas para apertos e ajustes essenciais.<\/h3>\n","protected":false},"featured_media":7776,"comment_status":"open","ping_status":"closed","template":"","meta":[],"product_cat":[112,71,96],"product_tag":[],"class_list":{"0":"post-3518","1":"product","2":"type-product","3":"status-publish","4":"has-post-thumbnail","6":"product_cat-acessorios-bike","7":"product_cat-bicicleta","8":"product_cat-esporte","10":"first","11":"instock","12":"sale","13":"shipping-taxable","14":"purchasable","15":"product-type-simple"},"_links":{"self":[{"href":"https:\/\/americaoff.com\/index.php\/wp-json\/wp\/v2\/product\/3518","targetHints":{"allow":["GET"]}}],"collection":[{"href":"https:\/\/americaoff.com\/index.php\/wp-json\/wp\/v2\/product"}],"about":[{"href":"https:\/\/americaoff.com\/index.php\/wp-json\/wp\/v2\/types\/product"}],"replies":[{"embeddable":true,"href":"https:\/\/americaoff.com\/index.php\/wp-json\/wp\/v2\/comments?post=3518"}],"wp:featuredmedia":[{"embeddable":true,"href":"https:\/\/americaoff.com\/index.php\/wp-json\/wp\/v2\/media\/7776"}],"wp:attachment":[{"href":"https:\/\/americaoff.com\/index.php\/wp-json\/wp\/v2\/media?parent=3518"}],"wp:term":[{"taxonomy":"product_cat","embeddable":true,"href":"https:\/\/americaoff.com\/index.php\/wp-json\/wp\/v2\/product_cat?post=3518"},{"taxonomy":"product_tag","embeddable":true,"href":"https:\/\/americaoff.com\/index.php\/wp-json\/wp\/v2\/product_tag?post=3518"}],"curies":[{"name":"wp","href":"https:\/\/api.w.org\/{rel}","templated":true}]}}