{"id":3527,"date":"2022-12-22T14:30:49","date_gmt":"2022-12-22T14:30:49","guid":{"rendered":"https:\/\/americaoff.com\/?post_type=product&#038;p=3527"},"modified":"2024-11-19T20:32:15","modified_gmt":"2024-11-19T20:32:15","slug":"suporte-universal-para-bicicletas-motos-gps-celular-trilha","status":"publish","type":"product","link":"https:\/\/americaoff.com\/index.php\/product\/suporte-universal-para-bicicletas-motos-gps-celular-trilha\/","title":{"rendered":"Suporte Universal Para Bicicletas Motos Gps Celular Trilha"},"content":{"rendered":"<h2 class=\"thin-font\" data-padding=\"5px\">Suporte Universal Para Bicicletas Motos Gps Celular Trilha<\/h2>\n<h3 class=\"thin-font\" data-padding=\"5px\">Voc\u00ea nunca est\u00e1 mais do que o alcance de um bra\u00e7o do seu smartphone, e a montagem do telefone de bicicleta da Delta fornece uma coloca\u00e7\u00e3o conveniente e vis\u00edvel para o seu smartphone.<\/h3>\n<h3 class=\"thin-font\" data-padding=\"5px\">Com seu telefone montado com seguran\u00e7a no guid\u00e3o da estrada ou mountain bike, com v\u00e1rias op\u00e7\u00f5es dispon\u00edveis, voc\u00ea pode usar aplicativos de navega\u00e7\u00e3o para chegar ao seu destino e sempre ficar conectado aos entes queridos com acesso propriet\u00e1rio ao Face ID e Touch ID para dispositivos de nova gera\u00e7\u00e3o.<\/h3>\n<h3 class=\"thin-font\" data-padding=\"5px\">O design de ajuste de alongamento oferece f\u00e1cil acesso ao seu dispositivo, permitindo que voc\u00ea passe mais tempo cavalgando e menos tempo se preocupando com uma chamada importante ou perdendo a oportunidade perfeita de foto.<\/h3>\n<h3 class=\"thin-font\" data-padding=\"5px\">Os para-choques de sil\u00edcio integrados protegem seu cer contra arranh\u00f5es e reduzem a vibra\u00e7\u00e3o durante a condu\u00e7\u00e3o.<\/h3>\n<h3 class=\"thin-font\" data-padding=\"5px\">Uma montagem de bicicleta telef\u00f4nica \u00e9 um investimento digno para qualquer viajante, ciclista, guerreiro de fim de semana ou ciclista da fam\u00edlia que prefere seu telefone no pronto.<\/h3>\n<h3 class=\"thin-font\" data-padding=\"5px\">&nbsp;Com um design elegante e discreto, este suporte de telefone leve para bicicleta foi projetado para acomodar todos os smartphones.<\/h3>\n<h3 class=\"thin-font\" data-padding=\"5px\"><\/h3>\n","protected":false},"excerpt":{"rendered":"<h3 class=\"thin-font\" data-padding=\"5px\">Com um design elegante e discreto, este suporte de telefone leve para bicicleta foi projetado para acomodar todos os smartphones<\/h3>\n","protected":false},"featured_media":7779,"comment_status":"open","ping_status":"closed","template":"","meta":[],"product_cat":[112,71],"product_tag":[],"class_list":{"0":"post-3527","1":"product","2":"type-product","3":"status-publish","4":"has-post-thumbnail","6":"product_cat-acessorios-bike","7":"product_cat-bicicleta","9":"first","10":"instock","11":"sale","12":"shipping-taxable","13":"purchasable","14":"product-type-simple"},"_links":{"self":[{"href":"https:\/\/americaoff.com\/index.php\/wp-json\/wp\/v2\/product\/3527","targetHints":{"allow":["GET"]}}],"collection":[{"href":"https:\/\/americaoff.com\/index.php\/wp-json\/wp\/v2\/product"}],"about":[{"href":"https:\/\/americaoff.com\/index.php\/wp-json\/wp\/v2\/types\/product"}],"replies":[{"embeddable":true,"href":"https:\/\/americaoff.com\/index.php\/wp-json\/wp\/v2\/comments?post=3527"}],"wp:featuredmedia":[{"embeddable":true,"href":"https:\/\/americaoff.com\/index.php\/wp-json\/wp\/v2\/media\/7779"}],"wp:attachment":[{"href":"https:\/\/americaoff.com\/index.php\/wp-json\/wp\/v2\/media?parent=3527"}],"wp:term":[{"taxonomy":"product_cat","embeddable":true,"href":"https:\/\/americaoff.com\/index.php\/wp-json\/wp\/v2\/product_cat?post=3527"},{"taxonomy":"product_tag","embeddable":true,"href":"https:\/\/americaoff.com\/index.php\/wp-json\/wp\/v2\/product_tag?post=3527"}],"curies":[{"name":"wp","href":"https:\/\/api.w.org\/{rel}","templated":true}]}}