{"id":3536,"date":"2022-12-22T15:13:19","date_gmt":"2022-12-22T15:13:19","guid":{"rendered":"https:\/\/americaoff.com\/?post_type=product&#038;p=3536"},"modified":"2024-11-19T20:32:16","modified_gmt":"2024-11-19T20:32:16","slug":"camara-de-ar-bicicleta-27-700-35-43mm-bike-speed-bell","status":"publish","type":"product","link":"https:\/\/americaoff.com\/index.php\/product\/camara-de-ar-bicicleta-27-700-35-43mm-bike-speed-bell\/","title":{"rendered":"C\u00e2mara De Ar Bicicleta 27&#8243; 700 35-43mm Bike Speed Bell"},"content":{"rendered":"<h2 class=\"thin-font\" data-padding=\"5px\">C\u00e2mara De Ar Bicicleta 27&#8243; 700 35-43mm Bike Speed Bell<\/h2>\n<h3 class=\"thin-font\" data-padding=\"5px\">Obtenha desempenho top de linha de um nome em que voc\u00ea pode confiar com esta v\u00e1lvula Presta Bell tube 700 x 35 43c.<br \/>\nEste produto apresenta borracha dur\u00e1vel e curada em molde para uma parede lateral resistente, o que o torna resistente a explos\u00f5es de alta press\u00e3o.<br \/>\nEste tubo interno de bicicleta vem completo com v\u00e1lvulas Presta de 33 mm que possuem travas embutidas que voc\u00ea torce para abrir antes de inflar.<br \/>\n\u00c9 f\u00e1cil de substituir e instalar e vem em uma embalagem que inclui instru\u00e7\u00f5es sobre como fazer isso que s\u00e3o f\u00e1ceis de seguir.<br \/>\nEsta v\u00e1lvula universal Bell tube 700 x 35 43c Presta cabe dentro de um pneu de tamanho 35 x 43c e \u00e9 ideal para bicicletas de estrada ou suburbanas.<br \/>\nVoc\u00ea pode contar com ela por muito tempo, quer use sua bicicleta para ir do ponto a ao ponto b, para treinos intensos ou para passeios divertidos.<\/h3>\n","protected":false},"excerpt":{"rendered":"<h3 class=\"thin-font\" data-padding=\"5px\">Obtenha desempenho top de linha de um nome em que voc\u00ea pode confiar com esta v\u00e1lvula Presta Bell.<\/h3>\n","protected":false},"featured_media":7785,"comment_status":"open","ping_status":"closed","template":"","meta":[],"product_cat":[71,96,97],"product_tag":[],"class_list":{"0":"post-3536","1":"product","2":"type-product","3":"status-publish","4":"has-post-thumbnail","6":"product_cat-bicicleta","7":"product_cat-esporte","8":"product_cat-pecas-e-componentes","10":"first","11":"instock","12":"sale","13":"shipping-taxable","14":"purchasable","15":"product-type-simple"},"_links":{"self":[{"href":"https:\/\/americaoff.com\/index.php\/wp-json\/wp\/v2\/product\/3536","targetHints":{"allow":["GET"]}}],"collection":[{"href":"https:\/\/americaoff.com\/index.php\/wp-json\/wp\/v2\/product"}],"about":[{"href":"https:\/\/americaoff.com\/index.php\/wp-json\/wp\/v2\/types\/product"}],"replies":[{"embeddable":true,"href":"https:\/\/americaoff.com\/index.php\/wp-json\/wp\/v2\/comments?post=3536"}],"wp:featuredmedia":[{"embeddable":true,"href":"https:\/\/americaoff.com\/index.php\/wp-json\/wp\/v2\/media\/7785"}],"wp:attachment":[{"href":"https:\/\/americaoff.com\/index.php\/wp-json\/wp\/v2\/media?parent=3536"}],"wp:term":[{"taxonomy":"product_cat","embeddable":true,"href":"https:\/\/americaoff.com\/index.php\/wp-json\/wp\/v2\/product_cat?post=3536"},{"taxonomy":"product_tag","embeddable":true,"href":"https:\/\/americaoff.com\/index.php\/wp-json\/wp\/v2\/product_tag?post=3536"}],"curies":[{"name":"wp","href":"https:\/\/api.w.org\/{rel}","templated":true}]}}