{"id":3559,"date":"2022-12-27T18:17:33","date_gmt":"2022-12-27T18:17:33","guid":{"rendered":"https:\/\/americaoff.com\/?post_type=product&#038;p=3559"},"modified":"2024-11-19T20:32:16","modified_gmt":"2024-11-19T20:32:16","slug":"lip-balm-ecolips-lemon-eco-lips","status":"publish","type":"product","link":"https:\/\/americaoff.com\/index.php\/product\/lip-balm-ecolips-lemon-eco-lips\/","title":{"rendered":"Lip Balm Ecolips Lemon &#8211; Eco Lips"},"content":{"rendered":"<h2 class=\"thin-font\" data-padding=\"5px\">Lip Balm Ecolips Lemon &#8211; Eco Lips<\/h2>\n<h3 class=\"thin-font\" data-padding=\"5px\">Relaxe e descontraia com aromas suaves do Mediterr\u00e2neo.<br \/>\nSuavize seus l\u00e1bios e acalme seus sentidos com \u00f3leos essenciais de lavanda e lim\u00e3o combinados com azeite hidratante org\u00e2nico, \u00f3leo de coco e manteiga de cacau Fair Trade Certified\u2122.<br \/>\nTudo embalado em um tubo 100% livre de pl\u00e1stico.<br \/>\nAgora \u00e9 assim que voc\u00ea espalha o bem.<\/h3>\n","protected":false},"excerpt":{"rendered":"<p>Com Lip Balm Ecolips Lemon, suavize seus l\u00e1bios e acalme seus sentidos, com \u00f3leos essenciais de lavanda e lim\u00e3o, combinados com azeite hidratante org\u00e2nico, \u00f3leo de coco e manteiga de cacau.<\/p>\n","protected":false},"featured_media":7794,"comment_status":"open","ping_status":"closed","template":"","meta":[],"product_cat":[66,111,85],"product_tag":[],"class_list":{"0":"post-3559","1":"product","2":"type-product","3":"status-publish","4":"has-post-thumbnail","6":"product_cat-homens","7":"product_cat-lipstick","8":"product_cat-mulheres","10":"first","11":"instock","12":"sale","13":"shipping-taxable","14":"purchasable","15":"product-type-simple"},"_links":{"self":[{"href":"https:\/\/americaoff.com\/index.php\/wp-json\/wp\/v2\/product\/3559","targetHints":{"allow":["GET"]}}],"collection":[{"href":"https:\/\/americaoff.com\/index.php\/wp-json\/wp\/v2\/product"}],"about":[{"href":"https:\/\/americaoff.com\/index.php\/wp-json\/wp\/v2\/types\/product"}],"replies":[{"embeddable":true,"href":"https:\/\/americaoff.com\/index.php\/wp-json\/wp\/v2\/comments?post=3559"}],"wp:featuredmedia":[{"embeddable":true,"href":"https:\/\/americaoff.com\/index.php\/wp-json\/wp\/v2\/media\/7794"}],"wp:attachment":[{"href":"https:\/\/americaoff.com\/index.php\/wp-json\/wp\/v2\/media?parent=3559"}],"wp:term":[{"taxonomy":"product_cat","embeddable":true,"href":"https:\/\/americaoff.com\/index.php\/wp-json\/wp\/v2\/product_cat?post=3559"},{"taxonomy":"product_tag","embeddable":true,"href":"https:\/\/americaoff.com\/index.php\/wp-json\/wp\/v2\/product_tag?post=3559"}],"curies":[{"name":"wp","href":"https:\/\/api.w.org\/{rel}","templated":true}]}}