{"id":3568,"date":"2022-12-27T18:23:46","date_gmt":"2022-12-27T18:23:46","guid":{"rendered":"https:\/\/americaoff.com\/?post_type=product&#038;p=3568"},"modified":"2026-04-10T19:12:00","modified_gmt":"2026-04-10T19:12:00","slug":"protetor-labial-blistex-cereja-15fps-para-labios-secos","status":"publish","type":"product","link":"https:\/\/americaoff.com\/index.php\/product\/protetor-labial-blistex-cereja-15fps-para-labios-secos\/","title":{"rendered":"Protetor Labial Blistex Cereja 15fps Para L\u00e1bios Secos"},"content":{"rendered":"<h2 class=\"thin-font\" data-padding=\"5px\">Protetor Labial Blistex Cereja 15fps Para L\u00e1bios Secos<\/h2>\n<h3 class=\"thin-font\" data-padding=\"5px\">Para acalmar e prevenir os l\u00e1bios secos. Prote\u00e7\u00e3o suave e f\u00e1cil de deslizar.<br \/>\nBlistex Berry Lip Balm ajuda a prevenir o ressecamento e rachaduras. Sua f\u00f3rmula de deslizamento f\u00e1cil tamb\u00e9m acalma os l\u00e1bios irritados. L\u00e1bios secos e rachados:<br \/>\nBlistex Berry Lip Balm tem tr\u00eas protetores de longa dura\u00e7\u00e3o e sela a umidade dos l\u00e1bios para evitar o ressecamento do tecido labial.<br \/>\nBlistex Berry Lip Balm desliza confortavelmente para fornecer cobertura completa e evitar mais irrita\u00e7\u00e3o dos l\u00e1bios rachados.<br \/>\nProte\u00e7\u00e3o solar: Blistex Berry Lip Balm fornece prote\u00e7\u00e3o FPS 15, que \u00e9 recomendado mesmo para pessoas que queimam facilmente e bronzeiam minimamente.<br \/>\nO uso liberal e regular deste produto pode ajudar a prevenir sinais prematuros de envelhecimento, sardas, colora\u00e7\u00e3o irregular e poss\u00edveis efeitos cancer\u00edgenos da exposi\u00e7\u00e3o excessiva ao sol.<br \/>\nLembre-se, os l\u00e1bios n\u00e3o bronzeiam, mas queimam.<\/h3>\n","protected":false},"excerpt":{"rendered":"<h3 class=\"thin-font\" data-padding=\"5px\">Para acalmar e prevenir os l\u00e1bios secos. Prote\u00e7\u00e3o suave e f\u00e1cil de deslizar.<\/h3>\n","protected":false},"featured_media":7796,"comment_status":"open","ping_status":"closed","template":"","meta":[],"product_cat":[120,121,66,111,85],"product_tag":[],"class_list":{"0":"post-3568","1":"product","2":"type-product","3":"status-publish","4":"has-post-thumbnail","6":"product_cat-beleza","7":"product_cat-beleza-homens","8":"product_cat-homens","9":"product_cat-lipstick","10":"product_cat-mulheres","12":"first","13":"instock","14":"sale","15":"shipping-taxable","16":"purchasable","17":"product-type-simple"},"_links":{"self":[{"href":"https:\/\/americaoff.com\/index.php\/wp-json\/wp\/v2\/product\/3568","targetHints":{"allow":["GET"]}}],"collection":[{"href":"https:\/\/americaoff.com\/index.php\/wp-json\/wp\/v2\/product"}],"about":[{"href":"https:\/\/americaoff.com\/index.php\/wp-json\/wp\/v2\/types\/product"}],"replies":[{"embeddable":true,"href":"https:\/\/americaoff.com\/index.php\/wp-json\/wp\/v2\/comments?post=3568"}],"wp:featuredmedia":[{"embeddable":true,"href":"https:\/\/americaoff.com\/index.php\/wp-json\/wp\/v2\/media\/7796"}],"wp:attachment":[{"href":"https:\/\/americaoff.com\/index.php\/wp-json\/wp\/v2\/media?parent=3568"}],"wp:term":[{"taxonomy":"product_cat","embeddable":true,"href":"https:\/\/americaoff.com\/index.php\/wp-json\/wp\/v2\/product_cat?post=3568"},{"taxonomy":"product_tag","embeddable":true,"href":"https:\/\/americaoff.com\/index.php\/wp-json\/wp\/v2\/product_tag?post=3568"}],"curies":[{"name":"wp","href":"https:\/\/api.w.org\/{rel}","templated":true}]}}