{"id":3571,"date":"2022-12-27T18:27:10","date_gmt":"2022-12-27T18:27:10","guid":{"rendered":"https:\/\/americaoff.com\/?post_type=product&#038;p=3571"},"modified":"2026-04-20T22:57:53","modified_gmt":"2026-04-20T22:57:53","slug":"microfone-com-fio-dinamico-omnidirecional-profissional-3mts","status":"publish","type":"product","link":"https:\/\/americaoff.com\/index.php\/product\/microfone-com-fio-dinamico-omnidirecional-profissional-3mts\/","title":{"rendered":"Microfone Com Fio Din\u00e2mico Omnidirecional Profissional 3mts"},"content":{"rendered":"<h2 class=\"thin-font\" data-padding=\"5px\">Microfone Com Fio Din\u00e2mico Omnidirecional Profissional 3mts<\/h2>\n<h3 class=\"thin-font\" data-padding=\"5px\">Modelo: Microfone Din\u00e2mico<\/h3>\n<h3 class=\"thin-font\" data-padding=\"5px\">Compatibilidade: Compat\u00edvel com a maioria dos softwares e aplicativos de grava\u00e7\u00e3o.<\/h3>\n<h3 class=\"thin-font\" data-padding=\"5px\">Recursos: Ideal para reuni\u00f5es e confer\u00eancias. este microfone possui capta\u00e7\u00e3o de som com qualidade de 360\u00b0. 10 p\u00e9s. cabo permite que voc\u00ea tenha mais liberdade de manobra. A resposta de frequ\u00eancia de 100-12.000 Hz oferece clareza de voz e som ideais.<\/h3>\n","protected":false},"excerpt":{"rendered":"<h3 class=\"thin-font\" data-padding=\"5px\">Microfone profissional ideal para reuni\u00f5es e confer\u00eancias, este microfone possui capta\u00e7\u00e3o de som com qualidade de 360.<\/h3>\n","protected":false},"featured_media":7798,"comment_status":"open","ping_status":"closed","template":"","meta":[],"product_cat":[122,89],"product_tag":[],"class_list":{"0":"post-3571","1":"product","2":"type-product","3":"status-publish","4":"has-post-thumbnail","6":"product_cat-instrumentos-musicais","7":"product_cat-lazer-e-diversao","9":"first","10":"instock","11":"sale","12":"shipping-taxable","13":"purchasable","14":"product-type-simple"},"_links":{"self":[{"href":"https:\/\/americaoff.com\/index.php\/wp-json\/wp\/v2\/product\/3571","targetHints":{"allow":["GET"]}}],"collection":[{"href":"https:\/\/americaoff.com\/index.php\/wp-json\/wp\/v2\/product"}],"about":[{"href":"https:\/\/americaoff.com\/index.php\/wp-json\/wp\/v2\/types\/product"}],"replies":[{"embeddable":true,"href":"https:\/\/americaoff.com\/index.php\/wp-json\/wp\/v2\/comments?post=3571"}],"wp:featuredmedia":[{"embeddable":true,"href":"https:\/\/americaoff.com\/index.php\/wp-json\/wp\/v2\/media\/7798"}],"wp:attachment":[{"href":"https:\/\/americaoff.com\/index.php\/wp-json\/wp\/v2\/media?parent=3571"}],"wp:term":[{"taxonomy":"product_cat","embeddable":true,"href":"https:\/\/americaoff.com\/index.php\/wp-json\/wp\/v2\/product_cat?post=3571"},{"taxonomy":"product_tag","embeddable":true,"href":"https:\/\/americaoff.com\/index.php\/wp-json\/wp\/v2\/product_tag?post=3571"}],"curies":[{"name":"wp","href":"https:\/\/api.w.org\/{rel}","templated":true}]}}