{"id":8705,"date":"2023-03-23T10:12:56","date_gmt":"2023-03-23T10:12:56","guid":{"rendered":"https:\/\/americaoff.com\/?post_type=product&#038;p=8705"},"modified":"2026-04-10T19:11:27","modified_gmt":"2026-04-10T19:11:27","slug":"lapis-grafite-staedtler-com-borracha-c-12-2-hb-staedtler","status":"publish","type":"product","link":"https:\/\/americaoff.com\/index.php\/product\/lapis-grafite-staedtler-com-borracha-c-12-2-hb-staedtler\/","title":{"rendered":"L\u00e1pis Grafite Staedtler Com Borracha C\/12 &#8211; 2 Hb Staedtler"},"content":{"rendered":"<h2>L\u00e1pis Grafite Staedtler Com Borracha C\/12 &#8211; 2 Hb Staedtler<\/h2>\n<h3>A f\u00f3rmula \u00e9 secreta &#8212; o l\u00e1pis \u00e9 mundialmente famoso.<br \/>\nA hist\u00f3ria de sucesso da Staedtler come\u00e7ou h\u00e1 mais de 180 anos fabricando l\u00e1pis.<br \/>\nAt\u00e9 hoje, materiais e processos de fabrica\u00e7\u00e3o de primeira classe garantem uma qualidade de produto excelente e consistente.<br \/>\nStaedtler Essentials \u00e9 de fato uma parte essencial da sala de aula e do material escolar para todos, desde o jardim de inf\u00e2ncia at\u00e9 a faculdade, at\u00e9 mesmo al\u00e9m.<br \/>\nOs profissionais confiam na Staedtler para desenho, carpintaria, mapeamento e uso geral. Beneficie-se das melhores especifica\u00e7\u00f5es alem\u00e3s de engenharia e fabrica\u00e7\u00e3o!<br \/>\nDesde 1835, os l\u00e1pis Staedtler t\u00eam servido tanto como ferramentas quanto como fonte de inspira\u00e7\u00e3o para crian\u00e7as em idade escolar, artistas, designers gr\u00e1ficos e ilustradores.<br \/>\nQuer se trate de empreendimentos cient\u00edficos ou criativos, em casa, no escrit\u00f3rio ou na sala de aula, Staedtler ajuda a dar vida \u00e0s ideias.<br \/>\nO conjunto de l\u00e1pis HB n\u00ba 2 pr\u00e9-afiados est\u00e1 pronto para uso assim que sai da embalagem, sem necessidade de afia\u00e7\u00e3o inicial<br \/>\nOs l\u00e1pis de grafite s\u00e3o uma parte essencial do material escolar de qualquer pessoa &#8211; desde o jardim de inf\u00e2ncia at\u00e9 os anos de faculdade, voc\u00ea pode confiar nos l\u00e1pis Staedtler<br \/>\nEste pacote de l\u00e1pis apontados \u00e9 o come\u00e7o perfeito para o seu escrit\u00f3rio ou conjunto de material escolar e complementa a caixa de ferramentas de um profissional.<br \/>\nBeneficie-se dos melhores! Todos, desde crian\u00e7as a arquitetos, engenheiros e jornalistas, podem apreciar a suavidade e os recursos de sombreamento desses l\u00e1pis de grafite<\/h3>\n","protected":false},"excerpt":{"rendered":"<h3>A hist\u00f3ria de sucesso da Staedtler come\u00e7ou h\u00e1 mais de 180 anos fabricando l\u00e1pis.<\/h3>\n","protected":false},"featured_media":8706,"comment_status":"open","ping_status":"closed","template":"","meta":[],"product_cat":[123,107],"product_tag":[],"class_list":{"0":"post-8705","1":"product","2":"type-product","3":"status-publish","4":"has-post-thumbnail","6":"product_cat-lapis-eua","7":"product_cat-papelaria","9":"first","10":"instock","11":"sale","12":"shipping-taxable","13":"purchasable","14":"product-type-simple"},"_links":{"self":[{"href":"https:\/\/americaoff.com\/index.php\/wp-json\/wp\/v2\/product\/8705","targetHints":{"allow":["GET"]}}],"collection":[{"href":"https:\/\/americaoff.com\/index.php\/wp-json\/wp\/v2\/product"}],"about":[{"href":"https:\/\/americaoff.com\/index.php\/wp-json\/wp\/v2\/types\/product"}],"replies":[{"embeddable":true,"href":"https:\/\/americaoff.com\/index.php\/wp-json\/wp\/v2\/comments?post=8705"}],"wp:featuredmedia":[{"embeddable":true,"href":"https:\/\/americaoff.com\/index.php\/wp-json\/wp\/v2\/media\/8706"}],"wp:attachment":[{"href":"https:\/\/americaoff.com\/index.php\/wp-json\/wp\/v2\/media?parent=8705"}],"wp:term":[{"taxonomy":"product_cat","embeddable":true,"href":"https:\/\/americaoff.com\/index.php\/wp-json\/wp\/v2\/product_cat?post=8705"},{"taxonomy":"product_tag","embeddable":true,"href":"https:\/\/americaoff.com\/index.php\/wp-json\/wp\/v2\/product_tag?post=8705"}],"curies":[{"name":"wp","href":"https:\/\/api.w.org\/{rel}","templated":true}]}}