{"id":96,"date":"2021-05-03T13:35:42","date_gmt":"2021-05-03T13:35:42","guid":{"rendered":"https:\/\/americaoff.com\/?post_type=product&#038;p=96"},"modified":"2026-04-20T22:58:38","modified_gmt":"2026-04-20T22:58:38","slug":"relogio-invicta-pro-diver-modelo-8928-dourado-azul","status":"publish","type":"product","link":"https:\/\/americaoff.com\/index.php\/product\/relogio-invicta-pro-diver-modelo-8928-dourado-azul\/","title":{"rendered":"Rel\u00f3gio Invicta Pro Diver Modelo 8928 Dourado\/Azul"},"content":{"rendered":"<h2>Rel\u00f3gio Invicta Pro Diver Modelo 8928 Dourado e Azul<\/h2>\n<h3>O estilo arrojado combina com um design cl\u00e1ssico neste rel\u00f3gio autom\u00e1tico # 8928 da cole\u00e7\u00e3o Pro Diver da Invicta.\u00a0Este rel\u00f3gio esportivo, por\u00e9m refinado, possui uma caixa de a\u00e7o inoxid\u00e1vel banhado a ouro e prata em dois tons, moldura e pulseira.\u00a0Protegido por um cristal mineral anti-reflexo com lupa, um mostrador em azul vivo exibe ponteiros e marcadores de f\u00e1cil leitura, bem como um mostrador de data \u00e0s tr\u00eas horas.\u00a0O movimento autom\u00e1tico de 21 joias \u00e9 resistente a choques e confi\u00e1vel, enquanto a resist\u00eancia \u00e0 \u00e1gua at\u00e9 200 metros (660 p\u00e9s) ajuda a proteger contra os elementos.<\/h3>\n<h3><b>Cole\u00e7\u00e3o Pro Diver<\/b><\/h3>\n<h3>Mergulhe em qualquer horizonte usando a orienta\u00e7\u00e3o constante do Invicta Pro Diver.\u00a0Com estilo cl\u00e1ssico, os mecanismos internos s\u00e3o forjados com varia\u00e7\u00f5es do cron\u00f3grafo su\u00ed\u00e7o ou dos movimentos autom\u00e1ticos de 21 joias e navegam de boa vontade em profundidades de at\u00e9 300 metros.\u00a0Constru\u00eddo com destreza confiante, a firmeza com que esses rel\u00f3gios funcionam torna o Pro Diver a quintess\u00eancia em desempenho.<\/h3>\n<h3><b>Coroas aparafusadas:<\/b><\/h3>\n<h3>Muitos rel\u00f3gios Invicta s\u00e3o equipados com uma coroa aparafusada para ajudar a prevenir a infiltra\u00e7\u00e3o de \u00e1gua.\u00a0Isso \u00e9 mais comum em nossos modelos Diver.\u00a0Para ajustar a data e \/ ou hora em tal rel\u00f3gio, voc\u00ea deve primeiro desparafusar a coroa antes de pux\u00e1-la suavemente para a posi\u00e7\u00e3o de parada do primeiro ou segundo clique.\u00a0Para fazer isso, simplesmente gire a coroa no sentido anti-hor\u00e1rio at\u00e9 que ela se abra.\u00a0Quando terminar de acertar o rel\u00f3gio, a coroa deve ser empurrada e aparafusada com firmeza.\u00a0<b>N\u00e3o fazer isso cancelar\u00e1 a resist\u00eancia \u00e0 \u00e1gua do rel\u00f3gio e anular\u00e1 todas as garantias do fabricante.\u00a0<\/b>No geral, esse processo n\u00e3o deve exigir muito esfor\u00e7o ou for\u00e7a.<\/h3>\n<h3><strong>Os rel\u00f3gios autom\u00e1ticos\u00a0n\u00e3o funcionam com baterias<\/strong><\/h3>\n<div id=\"dp_productDescription_container_div\" class=\"celwidget\" data-feature-name=\"productDescription\" data-csa-c-id=\"h1sggs-f991kr-8wy5d6-5bc3yj\" data-cel-widget=\"dp_productDescription_container_div\">\n<div>\n<div id=\"productDescription_feature_div\" class=\"a-row feature\" data-feature-name=\"productDescription\" data-template-name=\"productDescription\" data-cel-widget=\"productDescription_feature_div\">\n<p>Os rel\u00f3gios autom\u00e1ticos s\u00e3o compostos por cerca de 130 ou mais pe\u00e7as que funcionam juntas para marcar as horas.\u00a0Os movimentos autom\u00e1ticos marcam a passagem do tempo por uma s\u00e9rie de mecanismos de engrenagem e s\u00e3o acionados pelo movimento do pulso conforme voc\u00ea o usa.\u00a0O trem de engrenagens ent\u00e3o transmite a for\u00e7a para o escapamento, que distribui os impulsos, girando a roda do balan\u00e7o.\u00a0A roda do balan\u00e7o \u00e9 o \u00f3rg\u00e3o regulador do tempo de um rel\u00f3gio mec\u00e2nico, que vibra em uma mola espiral.\u00a0Alongar ou encurtar a mola de balan\u00e7o faz com que o volante v\u00e1 mais r\u00e1pido ou mais devagar para avan\u00e7ar ou retardar o rel\u00f3gio.\u00a0A viagem da roda do balan\u00e7o de um extremo ao outro e vice-versa \u00e9 chamada de oscila\u00e7\u00e3o.\u00a0Por \u00faltimo, os movimentos autom\u00e1ticos v\u00eam em diferentes tipos, incluindo movimentos su\u00ed\u00e7os, japoneses e muito mais.<\/p>\n<p>Tamb\u00e9m chamados de auto-liquida\u00e7\u00e3o, os rel\u00f3gios com movimentos autom\u00e1ticos utilizam energia cin\u00e9tica, o balan\u00e7o do bra\u00e7o, para fornecer energia a um rotor oscilante para manter o rel\u00f3gio em funcionamento.\u00a0Eles s\u00e3o considerados mais satisfat\u00f3rios para os colecionadores (relojoeiros) por causa da arte da engenharia que envolve as centenas de pe\u00e7as que comp\u00f5em o movimento.\u00a0Se voc\u00ea n\u00e3o usar um rel\u00f3gio autom\u00e1tico de forma consistente (por cerca de 8 a 12 horas por dia), voc\u00ea pode manter o rel\u00f3gio alimentado com um enrolador de rel\u00f3gio (um grande presente para colecionadores).<\/p>\n<table id=\"technicalSpecifications_section_1\" class=\"a-keyvalue a-spacing-mini\">\n<tbody>\n<tr>\n<th class=\"a-span5 a-size-base\">Modelo<\/th>\n<td class=\"a-span7 a-size-base\">INVICTA-8928<\/td>\n<\/tr>\n<tr>\n<th class=\"a-span5 a-size-base\">Tipo de tela ou mostrador<\/th>\n<td class=\"a-span7 a-size-base\">Anal\u00f3gico<\/td>\n<\/tr>\n<tr>\n<th class=\"a-span5 a-size-base\">Fecho<\/th>\n<td class=\"a-span7 a-size-base\">Fecho dobr\u00e1vel com seguran\u00e7a<\/td>\n<\/tr>\n<tr>\n<th class=\"a-span5 a-size-base\">Material da caixa<\/th>\n<td class=\"a-span7 a-size-base\">A\u00e7o inoxid\u00e1vel<\/td>\n<\/tr>\n<tr>\n<th class=\"a-span5 a-size-base\">Di\u00e2metro da caixa<\/th>\n<td class=\"a-span7 a-size-base\">40 mil\u00edmetros<\/td>\n<\/tr>\n<tr>\n<th class=\"a-span5 a-size-base\">Espessura da caixa<\/th>\n<td class=\"a-span7 a-size-base\">13 mil\u00edmetros<\/td>\n<\/tr>\n<tr>\n<th class=\"a-span5 a-size-base\">Material da faixa, pulseira ou tira<\/th>\n<td class=\"a-span7 a-size-base\">A\u00e7o inoxid\u00e1vel<\/td>\n<\/tr>\n<tr>\n<th class=\"a-span5 a-size-base\">Tamanho da faixa<\/th>\n<td class=\"a-span7 a-size-base\">Masculino<\/td>\n<\/tr>\n<tr>\n<th class=\"a-span5 a-size-base\">Cor da faixa, pulseira ou tira<\/th>\n<td class=\"a-span7 a-size-base\">Prata<\/td>\n<\/tr>\n<tr>\n<th class=\"a-span5 a-size-base\">Cor do mostrador<\/th>\n<td class=\"a-span7 a-size-base\">Azul<\/td>\n<\/tr>\n<tr>\n<th class=\"a-span5 a-size-base\">Tipo de material<\/th>\n<td class=\"a-span7 a-size-base\">A\u00e7o inoxid\u00e1vel<\/td>\n<\/tr>\n<\/tbody>\n<\/table>\n<p><img fetchpriority=\"high\" decoding=\"async\" class=\"size-full wp-image-128\" src=\"https:\/\/americaeaqui.mbr3.wpdash.com.br\/wp-content\/uploads\/2021\/05\/america-aqui-produtos-americanos-originais-relogios-importados-relogio-invicta-men-pro-diver-banner-home-.jpg\" alt=\"America \u00e9 Aqui - Produtos Originais importados Americanos, Melhores pre\u00e7os, mais barato. Relogio Invicta Men Pro Diver\" width=\"1920\" height=\"498\" \/><\/p>\n<\/div>\n<\/div>\n<\/div>\n","protected":false},"excerpt":{"rendered":"<h3>O estilo arrojado combina com um design cl\u00e1ssico neste rel\u00f3gio autom\u00e1tico # 8928 da cole\u00e7\u00e3o Pro Diver da Invicta.<\/h3>\n","protected":false},"featured_media":7496,"comment_status":"open","ping_status":"closed","template":"","meta":[],"product_cat":[66,68,69,67],"product_tag":[57,56,51,52,55],"class_list":{"0":"post-96","1":"product","2":"type-product","3":"status-publish","4":"has-post-thumbnail","6":"product_cat-homens","7":"product_cat-invicta","8":"product_cat-masculino","9":"product_cat-relogios","10":"product_tag-azul","11":"product_tag-dourado","12":"product_tag-invicta","13":"product_tag-masculino","14":"product_tag-pro-diver","16":"first","17":"instock","18":"shipping-taxable","19":"purchasable","20":"product-type-simple"},"_links":{"self":[{"href":"https:\/\/americaoff.com\/index.php\/wp-json\/wp\/v2\/product\/96","targetHints":{"allow":["GET"]}}],"collection":[{"href":"https:\/\/americaoff.com\/index.php\/wp-json\/wp\/v2\/product"}],"about":[{"href":"https:\/\/americaoff.com\/index.php\/wp-json\/wp\/v2\/types\/product"}],"replies":[{"embeddable":true,"href":"https:\/\/americaoff.com\/index.php\/wp-json\/wp\/v2\/comments?post=96"}],"wp:featuredmedia":[{"embeddable":true,"href":"https:\/\/americaoff.com\/index.php\/wp-json\/wp\/v2\/media\/7496"}],"wp:attachment":[{"href":"https:\/\/americaoff.com\/index.php\/wp-json\/wp\/v2\/media?parent=96"}],"wp:term":[{"taxonomy":"product_cat","embeddable":true,"href":"https:\/\/americaoff.com\/index.php\/wp-json\/wp\/v2\/product_cat?post=96"},{"taxonomy":"product_tag","embeddable":true,"href":"https:\/\/americaoff.com\/index.php\/wp-json\/wp\/v2\/product_tag?post=96"}],"curies":[{"name":"wp","href":"https:\/\/api.w.org\/{rel}","templated":true}]}}