{"id":988,"date":"2021-08-30T10:39:38","date_gmt":"2021-08-30T10:39:38","guid":{"rendered":"https:\/\/americaoff.com\/?post_type=product&#038;p=988"},"modified":"2024-11-19T20:32:05","modified_gmt":"2024-11-19T20:32:05","slug":"relogio-invicta-angel-madreperola-dourado-36073","status":"publish","type":"product","link":"https:\/\/americaoff.com\/index.php\/product\/relogio-invicta-angel-madreperola-dourado-36073\/","title":{"rendered":"Rel\u00f3gio Feminino Invicta Angel Madrep\u00e9rola 34mm, Dourado (36073)"},"content":{"rendered":"<h1>Rel\u00f3gio Feminino Invicta Angel Madrep\u00e9rola 34mm, Dourado (36073)<\/h1>\n<div>Este maravilhoso rel\u00f3gio Invicta da cole\u00e7\u00e3o Angel oferece um movimento Quartz e uma caixa dourada sofisticada. O mostrador exibe um mostrador em madrep\u00e9rola branca protegido por nosso cristal mineral propriet\u00e1rio. O design \u00e9 completado por uma banda de ouro de a\u00e7o inoxid\u00e1vel. Este rel\u00f3gio pode resistir \u00e0 \u00e1gua por at\u00e9 100 m.<\/div>\n<div><\/div>\n<div>Os padr\u00f5es de energia et\u00e9rea conectam o tempo a um plano superior com a cole\u00e7\u00e3o Invicta Angel. Harmonizando um equil\u00edbrio perfeito entre tempo e estilo, rel\u00f3gios de graciosa diversidade s\u00e3o compostos por Angel. Projetado com um toque de cima, Angel oferece uma variedade de sele\u00e7\u00f5es para satisfazer qualquer humor, ocasi\u00e3o ou gosto. Destacando os aspectos das proezas femininas, a cole\u00e7\u00e3o Invicta Angel n\u00e3o conhece limites, transcendendo os planos terrenos e alcan\u00e7ando o ideal em manter o tempo.<\/div>\n<div><\/div>\n<div>Construindo cada rel\u00f3gio para o cora\u00e7\u00e3o feroz, os rel\u00f3gios Invicta s\u00e3o uma demonstra\u00e7\u00e3o exemplar de versatilidade, estabelecendo um precedente para enfrentar as atividades mais aventureiras. Aqui nas Lojas Invicta, temos orgulho de nosso atendimento ao cliente superior, nossa garantia de 3 anos e nosso compromisso em oferecer o melhor valor pelos pre\u00e7os mais baixos. Explore o cat\u00e1logo Invicta mais extenso de qualquer lugar online e encontre seu pr\u00f3ximo favorito.<\/div>\n<div><\/div>\n<div><img fetchpriority=\"high\" decoding=\"async\" class=\"alignnone wp-image-2136 size-full\" src=\"https:\/\/americaeaqui.mbr3.wpdash.com.br\/wp-content\/uploads\/2021\/07\/relogio_invicta_36064_38mm_angel_banner.png\" alt=\"\" width=\"260\" height=\"260\"><\/div>\n<h3><b>Coroas aparafusadas:<\/b><\/h3>\n<p>Muitos rel\u00f3gios Invicta s\u00e3o equipados com uma coroa aparafusada para ajudar a prevenir a infiltra\u00e7\u00e3o de \u00e1gua.&nbsp;Isso \u00e9 mais comum em nossos modelos Diver.&nbsp;Para ajustar a data e \/ ou hora em tal rel\u00f3gio, voc\u00ea deve primeiro desparafusar a coroa antes de pux\u00e1-la suavemente para a posi\u00e7\u00e3o de parada do primeiro ou segundo clique.&nbsp;Para fazer isso, simplesmente gire a coroa no sentido anti-hor\u00e1rio at\u00e9 que ela se abra.&nbsp;Quando terminar de acertar o rel\u00f3gio, a coroa deve ser empurrada e aparafusada com firmeza.&nbsp;<b>N\u00e3o fazer isso cancelar\u00e1 a resist\u00eancia \u00e0 \u00e1gua do rel\u00f3gio e anular\u00e1 todas as garantias do fabricante.&nbsp;<\/b>No geral, esse processo n\u00e3o deve exigir muito esfor\u00e7o ou for\u00e7a.<\/p>\n<table width=\"346\">\n<tbody>\n<tr>\n<td width=\"173\"><strong>Modelo<\/strong><\/td>\n<td width=\"173\">INVICTA-36073<\/td>\n<\/tr>\n<tr>\n<td width=\"173\"><strong>Di\u00e2metro da caixa<\/strong><\/td>\n<td width=\"173\">34 mil\u00edmetros<\/td>\n<\/tr>\n<tr>\n<td width=\"173\"><strong>Material do visor<\/strong><\/td>\n<td width=\"173\">Madrep\u00e9rola<\/td>\n<\/tr>\n<tr>\n<td width=\"173\"><strong>Profundidade<\/strong><\/td>\n<td width=\"173\">100 metros<\/td>\n<\/tr>\n<\/tbody>\n<\/table>\n<p><iframe style=\"display: none;\"><\/iframe><\/p>\n<p><iframe style=\"display: none;\"><\/iframe><\/p>\n<p><iframe style=\"display: none;\"><\/iframe><\/p>\n<p><iframe style=\"display: none;\"><\/iframe><\/p>\n<p><iframe style=\"display: none;\"><\/iframe><\/p>\n<p><iframe style=\"display: none;\"><\/iframe><\/p>\n<p><iframe style=\"display: none;\"><\/iframe><\/p>\n<p><iframe style=\"display: none;\"><\/iframe><\/p>\n<p><iframe style=\"display: none;\"><\/iframe><\/p>\n<p><iframe style=\"display: none;\"><\/iframe><\/p>\n<p><iframe style=\"display: none;\"><\/iframe><\/p>\n<p><iframe style=\"display: none;\"><\/iframe><\/p>\n","protected":false},"excerpt":{"rendered":"<h3>Este maravilhoso rel\u00f3gio Invicta da cole\u00e7\u00e3o Angel oferece um movimento Quartz e uma caixa dourada sofisticada<\/h3>\n","protected":false},"featured_media":7664,"comment_status":"open","ping_status":"closed","template":"","meta":[],"product_cat":[87,85,86],"product_tag":[60,61,51],"class_list":{"0":"post-988","1":"product","2":"type-product","3":"status-publish","4":"has-post-thumbnail","6":"product_cat-invicta-relogios-mulheres","7":"product_cat-mulheres","8":"product_cat-relogios-mulheres","9":"product_tag-angel-lady","10":"product_tag-feminino","11":"product_tag-invicta","13":"first","14":"instock","15":"sale","16":"shipping-taxable","17":"purchasable","18":"product-type-simple"},"_links":{"self":[{"href":"https:\/\/americaoff.com\/index.php\/wp-json\/wp\/v2\/product\/988","targetHints":{"allow":["GET"]}}],"collection":[{"href":"https:\/\/americaoff.com\/index.php\/wp-json\/wp\/v2\/product"}],"about":[{"href":"https:\/\/americaoff.com\/index.php\/wp-json\/wp\/v2\/types\/product"}],"replies":[{"embeddable":true,"href":"https:\/\/americaoff.com\/index.php\/wp-json\/wp\/v2\/comments?post=988"}],"wp:featuredmedia":[{"embeddable":true,"href":"https:\/\/americaoff.com\/index.php\/wp-json\/wp\/v2\/media\/7664"}],"wp:attachment":[{"href":"https:\/\/americaoff.com\/index.php\/wp-json\/wp\/v2\/media?parent=988"}],"wp:term":[{"taxonomy":"product_cat","embeddable":true,"href":"https:\/\/americaoff.com\/index.php\/wp-json\/wp\/v2\/product_cat?post=988"},{"taxonomy":"product_tag","embeddable":true,"href":"https:\/\/americaoff.com\/index.php\/wp-json\/wp\/v2\/product_tag?post=988"}],"curies":[{"name":"wp","href":"https:\/\/api.w.org\/{rel}","templated":true}]}}